{"id":3666,"date":"2025-06-16T13:31:50","date_gmt":"2025-06-16T11:31:50","guid":{"rendered":"https:\/\/abanicos-valencianos.es\/?post_type=product&#038;p=3666"},"modified":"2025-06-19T13:55:05","modified_gmt":"2025-06-19T11:55:05","slug":"eventail-moderne-argente-et-noir-copia-copia-copia-copia","status":"publish","type":"product","link":"https:\/\/abanicos-valencianos.es\/fr\/abanico\/eventail-moderne-argente-et-noir-copia-copia-copia-copia\/","title":{"rendered":"\u00c9ventail moderne rococo"},"content":{"rendered":"<p>Poli et d\u00e9coup\u00e9 \u00e0 la main<\/p>\n<p>Bois de Bubinga<\/p>\n<p>Peint \u00e0 la main<\/p>\n<p>Dimensions : 23cm<\/p>\n<p>&nbsp;<\/p>\n","protected":false},"excerpt":{"rendered":"<p>Poli et d\u00e9coup\u00e9 \u00e0 la main Bois de Bubinga Peint \u00e0 la main Dimensions : 23cm &nbsp;<\/p>\n","protected":false},"featured_media":3814,"comment_status":"closed","ping_status":"closed","template":"","meta":[],"product_brand":[],"product_cat":[84],"product_tag":[],"class_list":{"0":"post-3666","1":"product","2":"type-product","3":"status-publish","4":"has-post-thumbnail","6":"product_cat-eventail-moderne-2","8":"first","9":"instock","10":"shipping-taxable","11":"purchasable","12":"product-type-simple"},"_links":{"self":[{"href":"https:\/\/abanicos-valencianos.es\/fr\/wp-json\/wp\/v2\/product\/3666","targetHints":{"allow":["GET"]}}],"collection":[{"href":"https:\/\/abanicos-valencianos.es\/fr\/wp-json\/wp\/v2\/product"}],"about":[{"href":"https:\/\/abanicos-valencianos.es\/fr\/wp-json\/wp\/v2\/types\/product"}],"replies":[{"embeddable":true,"href":"https:\/\/abanicos-valencianos.es\/fr\/wp-json\/wp\/v2\/comments?post=3666"}],"wp:featuredmedia":[{"embeddable":true,"href":"https:\/\/abanicos-valencianos.es\/fr\/wp-json\/wp\/v2\/media\/3814"}],"wp:attachment":[{"href":"https:\/\/abanicos-valencianos.es\/fr\/wp-json\/wp\/v2\/media?parent=3666"}],"wp:term":[{"taxonomy":"product_brand","embeddable":true,"href":"https:\/\/abanicos-valencianos.es\/fr\/wp-json\/wp\/v2\/product_brand?post=3666"},{"taxonomy":"product_cat","embeddable":true,"href":"https:\/\/abanicos-valencianos.es\/fr\/wp-json\/wp\/v2\/product_cat?post=3666"},{"taxonomy":"product_tag","embeddable":true,"href":"https:\/\/abanicos-valencianos.es\/fr\/wp-json\/wp\/v2\/product_tag?post=3666"}],"curies":[{"name":"wp","href":"https:\/\/api.w.org\/{rel}","templated":true}]}}