{"id":3657,"date":"2025-06-16T13:29:24","date_gmt":"2025-06-16T11:29:24","guid":{"rendered":"https:\/\/abanicos-valencianos.es\/?post_type=product&#038;p=3657"},"modified":"2025-06-19T14:19:49","modified_gmt":"2025-06-19T12:19:49","slug":"eventail-moderne-argente-et-noir-copia-copia-copia-2","status":"publish","type":"product","link":"https:\/\/abanicos-valencianos.es\/fr\/abanico\/eventail-moderne-argente-et-noir-copia-copia-copia-2\/","title":{"rendered":"\u00c9ventail moderne orange et d\u00e9coupage dor\u00e9"},"content":{"rendered":"<p>Poli et d\u00e9coup\u00e9 \u00e0 la main<\/p>\n<p>Bois Bubinga<\/p>\n<p>Peint \u00e0 la main<\/p>\n<p>Dimensions : 23cm<\/p>\n<p>&nbsp;<\/p>\n","protected":false},"excerpt":{"rendered":"<p>Poli et d\u00e9coup\u00e9 \u00e0 la main Bois Bubinga Peint \u00e0 la main Dimensions : 23cm &nbsp;<\/p>\n","protected":false},"featured_media":3820,"comment_status":"closed","ping_status":"closed","template":"","meta":[],"product_brand":[],"product_cat":[84],"product_tag":[],"class_list":{"0":"post-3657","1":"product","2":"type-product","3":"status-publish","4":"has-post-thumbnail","6":"product_cat-eventail-moderne-2","8":"first","9":"instock","10":"shipping-taxable","11":"purchasable","12":"product-type-simple"},"_links":{"self":[{"href":"https:\/\/abanicos-valencianos.es\/fr\/wp-json\/wp\/v2\/product\/3657","targetHints":{"allow":["GET"]}}],"collection":[{"href":"https:\/\/abanicos-valencianos.es\/fr\/wp-json\/wp\/v2\/product"}],"about":[{"href":"https:\/\/abanicos-valencianos.es\/fr\/wp-json\/wp\/v2\/types\/product"}],"replies":[{"embeddable":true,"href":"https:\/\/abanicos-valencianos.es\/fr\/wp-json\/wp\/v2\/comments?post=3657"}],"wp:featuredmedia":[{"embeddable":true,"href":"https:\/\/abanicos-valencianos.es\/fr\/wp-json\/wp\/v2\/media\/3820"}],"wp:attachment":[{"href":"https:\/\/abanicos-valencianos.es\/fr\/wp-json\/wp\/v2\/media?parent=3657"}],"wp:term":[{"taxonomy":"product_brand","embeddable":true,"href":"https:\/\/abanicos-valencianos.es\/fr\/wp-json\/wp\/v2\/product_brand?post=3657"},{"taxonomy":"product_cat","embeddable":true,"href":"https:\/\/abanicos-valencianos.es\/fr\/wp-json\/wp\/v2\/product_cat?post=3657"},{"taxonomy":"product_tag","embeddable":true,"href":"https:\/\/abanicos-valencianos.es\/fr\/wp-json\/wp\/v2\/product_tag?post=3657"}],"curies":[{"name":"wp","href":"https:\/\/api.w.org\/{rel}","templated":true}]}}