{"id":3519,"date":"2025-06-16T12:44:16","date_gmt":"2025-06-16T10:44:16","guid":{"rendered":"https:\/\/abanicos-valencianos.es\/?post_type=product&#038;p=3519"},"modified":"2025-06-23T14:30:07","modified_gmt":"2025-06-23T12:30:07","slug":"ventilateur-moderne-avec-des-vagues-bleues-copia-copia-copia-copia-copia-copia-copia-copia-copia","status":"publish","type":"product","link":"https:\/\/abanicos-valencianos.es\/fr\/abanico\/ventilateur-moderne-avec-des-vagues-bleues-copia-copia-copia-copia-copia-copia-copia-copia-copia\/","title":{"rendered":"\u00c9ventail moderne \u00e0 confeti"},"content":{"rendered":"<p>Poli \u00e0 la main<\/p>\n<p>Bois de Danta kotibe.<\/p>\n<p>Peint \u00e0 la main.<\/p>\n<p>Dimensions: 19 cm<\/p>\n<p>&nbsp;<\/p>\n","protected":false},"excerpt":{"rendered":"<p>Poli \u00e0 la main Bois de Danta kotibe. Peint \u00e0 la main. Dimensions: 19 cm &nbsp;<\/p>\n","protected":false},"featured_media":3871,"comment_status":"closed","ping_status":"closed","template":"","meta":[],"product_brand":[],"product_cat":[84],"product_tag":[],"class_list":{"0":"post-3519","1":"product","2":"type-product","3":"status-publish","4":"has-post-thumbnail","6":"product_cat-eventail-moderne-2","8":"first","9":"instock","10":"shipping-taxable","11":"purchasable","12":"product-type-simple"},"_links":{"self":[{"href":"https:\/\/abanicos-valencianos.es\/fr\/wp-json\/wp\/v2\/product\/3519","targetHints":{"allow":["GET"]}}],"collection":[{"href":"https:\/\/abanicos-valencianos.es\/fr\/wp-json\/wp\/v2\/product"}],"about":[{"href":"https:\/\/abanicos-valencianos.es\/fr\/wp-json\/wp\/v2\/types\/product"}],"replies":[{"embeddable":true,"href":"https:\/\/abanicos-valencianos.es\/fr\/wp-json\/wp\/v2\/comments?post=3519"}],"wp:featuredmedia":[{"embeddable":true,"href":"https:\/\/abanicos-valencianos.es\/fr\/wp-json\/wp\/v2\/media\/3871"}],"wp:attachment":[{"href":"https:\/\/abanicos-valencianos.es\/fr\/wp-json\/wp\/v2\/media?parent=3519"}],"wp:term":[{"taxonomy":"product_brand","embeddable":true,"href":"https:\/\/abanicos-valencianos.es\/fr\/wp-json\/wp\/v2\/product_brand?post=3519"},{"taxonomy":"product_cat","embeddable":true,"href":"https:\/\/abanicos-valencianos.es\/fr\/wp-json\/wp\/v2\/product_cat?post=3519"},{"taxonomy":"product_tag","embeddable":true,"href":"https:\/\/abanicos-valencianos.es\/fr\/wp-json\/wp\/v2\/product_tag?post=3519"}],"curies":[{"name":"wp","href":"https:\/\/api.w.org\/{rel}","templated":true}]}}