{"id":3484,"date":"2025-06-16T12:09:34","date_gmt":"2025-06-16T10:09:34","guid":{"rendered":"https:\/\/abanicos-valencianos.es\/?post_type=product&#038;p=3484"},"modified":"2025-06-16T12:23:55","modified_gmt":"2025-06-16T10:23:55","slug":"ventilateur-moderne-avec-des-vagues-bleues-copia-copia-copia-copia-copia","status":"publish","type":"product","link":"https:\/\/abanicos-valencianos.es\/fr\/abanico\/ventilateur-moderne-avec-des-vagues-bleues-copia-copia-copia-copia-copia\/","title":{"rendered":"Ventilateur moderne avec des vagues bleues (copia) (copia) (copia) (copia) (copia)"},"content":{"rendered":"<p>Laqu\u00e9 \u00e0 la main.<\/p>\n<p>Bois de bouleau<br \/>\nPeint \u00e0 la main.<\/p>\n<p>Dimensions : 23cm<\/p>\n<p>&nbsp;<\/p>\n","protected":false},"excerpt":{"rendered":"<p>Laqu\u00e9 \u00e0 la main. Bois de bouleau Peint \u00e0 la main. Dimensions : 23cm &nbsp;<\/p>\n","protected":false},"featured_media":3886,"comment_status":"closed","ping_status":"closed","template":"","meta":[],"product_brand":[],"product_cat":[84],"product_tag":[],"class_list":{"0":"post-3484","1":"product","2":"type-product","3":"status-publish","4":"has-post-thumbnail","6":"product_cat-eventail-moderne-2","8":"first","9":"instock","10":"shipping-taxable","11":"purchasable","12":"product-type-simple"},"_links":{"self":[{"href":"https:\/\/abanicos-valencianos.es\/fr\/wp-json\/wp\/v2\/product\/3484","targetHints":{"allow":["GET"]}}],"collection":[{"href":"https:\/\/abanicos-valencianos.es\/fr\/wp-json\/wp\/v2\/product"}],"about":[{"href":"https:\/\/abanicos-valencianos.es\/fr\/wp-json\/wp\/v2\/types\/product"}],"replies":[{"embeddable":true,"href":"https:\/\/abanicos-valencianos.es\/fr\/wp-json\/wp\/v2\/comments?post=3484"}],"wp:featuredmedia":[{"embeddable":true,"href":"https:\/\/abanicos-valencianos.es\/fr\/wp-json\/wp\/v2\/media\/3886"}],"wp:attachment":[{"href":"https:\/\/abanicos-valencianos.es\/fr\/wp-json\/wp\/v2\/media?parent=3484"}],"wp:term":[{"taxonomy":"product_brand","embeddable":true,"href":"https:\/\/abanicos-valencianos.es\/fr\/wp-json\/wp\/v2\/product_brand?post=3484"},{"taxonomy":"product_cat","embeddable":true,"href":"https:\/\/abanicos-valencianos.es\/fr\/wp-json\/wp\/v2\/product_cat?post=3484"},{"taxonomy":"product_tag","embeddable":true,"href":"https:\/\/abanicos-valencianos.es\/fr\/wp-json\/wp\/v2\/product_tag?post=3484"}],"curies":[{"name":"wp","href":"https:\/\/api.w.org\/{rel}","templated":true}]}}