{"id":3338,"date":"2025-06-13T14:17:22","date_gmt":"2025-06-13T12:17:22","guid":{"rendered":"https:\/\/abanicos-valencianos.es\/?post_type=product&#038;p=3338"},"modified":"2025-06-19T12:29:50","modified_gmt":"2025-06-19T10:29:50","slug":"eventail-moderne-rose-et-blanc-copia-2","status":"publish","type":"product","link":"https:\/\/abanicos-valencianos.es\/fr\/abanico\/eventail-moderne-rose-et-blanc-copia-2\/","title":{"rendered":"\u00c9ventail moderne noir et blanc"},"content":{"rendered":"<p>Laqu\u00e9 \u00e0 la main.<\/p>\n<p>Bois de bouleau<br \/>\nPeint \u00e0 la main.<\/p>\n<p>Dimensions : 23cm<\/p>\n<p>&nbsp;<\/p>\n","protected":false},"excerpt":{"rendered":"<p>Laqu\u00e9 \u00e0 la main. Bois de bouleau Peint \u00e0 la main. Dimensions : 23cm &nbsp;<\/p>\n","protected":false},"featured_media":3959,"comment_status":"closed","ping_status":"closed","template":"","meta":[],"product_brand":[],"product_cat":[62],"product_tag":[],"class_list":{"0":"post-3338","1":"product","2":"type-product","3":"status-publish","4":"has-post-thumbnail","6":"product_cat-ventilateurs-modernes","8":"first","9":"instock","10":"shipping-taxable","11":"purchasable","12":"product-type-simple"},"_links":{"self":[{"href":"https:\/\/abanicos-valencianos.es\/fr\/wp-json\/wp\/v2\/product\/3338","targetHints":{"allow":["GET"]}}],"collection":[{"href":"https:\/\/abanicos-valencianos.es\/fr\/wp-json\/wp\/v2\/product"}],"about":[{"href":"https:\/\/abanicos-valencianos.es\/fr\/wp-json\/wp\/v2\/types\/product"}],"replies":[{"embeddable":true,"href":"https:\/\/abanicos-valencianos.es\/fr\/wp-json\/wp\/v2\/comments?post=3338"}],"wp:featuredmedia":[{"embeddable":true,"href":"https:\/\/abanicos-valencianos.es\/fr\/wp-json\/wp\/v2\/media\/3959"}],"wp:attachment":[{"href":"https:\/\/abanicos-valencianos.es\/fr\/wp-json\/wp\/v2\/media?parent=3338"}],"wp:term":[{"taxonomy":"product_brand","embeddable":true,"href":"https:\/\/abanicos-valencianos.es\/fr\/wp-json\/wp\/v2\/product_brand?post=3338"},{"taxonomy":"product_cat","embeddable":true,"href":"https:\/\/abanicos-valencianos.es\/fr\/wp-json\/wp\/v2\/product_cat?post=3338"},{"taxonomy":"product_tag","embeddable":true,"href":"https:\/\/abanicos-valencianos.es\/fr\/wp-json\/wp\/v2\/product_tag?post=3338"}],"curies":[{"name":"wp","href":"https:\/\/api.w.org\/{rel}","templated":true}]}}