{"id":3234,"date":"2025-06-09T11:48:08","date_gmt":"2025-06-09T09:48:08","guid":{"rendered":"https:\/\/abanicos-valencianos.es\/?post_type=product&#038;p=3234"},"modified":"2025-06-13T11:15:49","modified_gmt":"2025-06-13T09:15:49","slug":"fan-de-couleurs-blanches-copia-2","status":"publish","type":"product","link":"https:\/\/abanicos-valencianos.es\/fr\/abanico\/fan-de-couleurs-blanches-copia-2\/","title":{"rendered":"Eventail de couleur blanche"},"content":{"rendered":"<p>Eventail standard, fabriqu\u00e9 en bois de ZEBRANO, poli \u00e0 la main. Pi\u00e8ce unique. 23cm<\/p>\n","protected":false},"excerpt":{"rendered":"<p>Eventail standard, fabriqu\u00e9 en bois de ZEBRANO, poli \u00e0 la main. Pi\u00e8ce unique. 23cm<\/p>\n","protected":false},"featured_media":4001,"comment_status":"closed","ping_status":"closed","template":"","meta":[],"product_brand":[],"product_cat":[68,69],"product_tag":[],"class_list":{"0":"post-3234","1":"product","2":"type-product","3":"status-publish","4":"has-post-thumbnail","6":"product_cat-eventails-colores","7":"product_cat-ventilateurs-pour-hommes","9":"first","10":"instock","11":"shipping-taxable","12":"purchasable","13":"product-type-simple"},"_links":{"self":[{"href":"https:\/\/abanicos-valencianos.es\/fr\/wp-json\/wp\/v2\/product\/3234","targetHints":{"allow":["GET"]}}],"collection":[{"href":"https:\/\/abanicos-valencianos.es\/fr\/wp-json\/wp\/v2\/product"}],"about":[{"href":"https:\/\/abanicos-valencianos.es\/fr\/wp-json\/wp\/v2\/types\/product"}],"replies":[{"embeddable":true,"href":"https:\/\/abanicos-valencianos.es\/fr\/wp-json\/wp\/v2\/comments?post=3234"}],"wp:featuredmedia":[{"embeddable":true,"href":"https:\/\/abanicos-valencianos.es\/fr\/wp-json\/wp\/v2\/media\/4001"}],"wp:attachment":[{"href":"https:\/\/abanicos-valencianos.es\/fr\/wp-json\/wp\/v2\/media?parent=3234"}],"wp:term":[{"taxonomy":"product_brand","embeddable":true,"href":"https:\/\/abanicos-valencianos.es\/fr\/wp-json\/wp\/v2\/product_brand?post=3234"},{"taxonomy":"product_cat","embeddable":true,"href":"https:\/\/abanicos-valencianos.es\/fr\/wp-json\/wp\/v2\/product_cat?post=3234"},{"taxonomy":"product_tag","embeddable":true,"href":"https:\/\/abanicos-valencianos.es\/fr\/wp-json\/wp\/v2\/product_tag?post=3234"}],"curies":[{"name":"wp","href":"https:\/\/api.w.org\/{rel}","templated":true}]}}