{"id":3128,"date":"2025-06-03T12:06:55","date_gmt":"2025-06-03T10:06:55","guid":{"rendered":"https:\/\/abanicos-valencianos.es\/?post_type=product&#038;p=3128"},"modified":"2025-06-10T13:57:50","modified_gmt":"2025-06-10T11:57:50","slug":"ventilateur-ivory-breeze-copia","status":"publish","type":"product","link":"https:\/\/abanicos-valencianos.es\/fr\/abanico\/ventilateur-ivory-breeze-copia\/","title":{"rendered":"Eventail en dentelle d&rsquo;Aube"},"content":{"rendered":"<p>\u00c9ventail en poirier. D\u00e9coupage fait \u00e0 la main, laqu\u00e9 en blanc et grav\u00e9 avec de la dentelle.  Pi\u00e8ce unique. 27 cm<\/p>\n","protected":false},"excerpt":{"rendered":"<p>\u00c9ventail en poirier. D\u00e9coupage fait \u00e0 la main, laqu\u00e9 en blanc et grav\u00e9 avec de la dentelle. Pi\u00e8ce unique. 27 cm<\/p>\n","protected":false},"featured_media":4041,"comment_status":"closed","ping_status":"closed","template":"","meta":[],"product_brand":[],"product_cat":[77],"product_tag":[],"class_list":{"0":"post-3128","1":"product","2":"type-product","3":"status-publish","4":"has-post-thumbnail","6":"product_cat-ventilateurs-pour-les-mariages","8":"first","9":"outofstock","10":"shipping-taxable","11":"product-type-simple"},"_links":{"self":[{"href":"https:\/\/abanicos-valencianos.es\/fr\/wp-json\/wp\/v2\/product\/3128","targetHints":{"allow":["GET"]}}],"collection":[{"href":"https:\/\/abanicos-valencianos.es\/fr\/wp-json\/wp\/v2\/product"}],"about":[{"href":"https:\/\/abanicos-valencianos.es\/fr\/wp-json\/wp\/v2\/types\/product"}],"replies":[{"embeddable":true,"href":"https:\/\/abanicos-valencianos.es\/fr\/wp-json\/wp\/v2\/comments?post=3128"}],"wp:featuredmedia":[{"embeddable":true,"href":"https:\/\/abanicos-valencianos.es\/fr\/wp-json\/wp\/v2\/media\/4041"}],"wp:attachment":[{"href":"https:\/\/abanicos-valencianos.es\/fr\/wp-json\/wp\/v2\/media?parent=3128"}],"wp:term":[{"taxonomy":"product_brand","embeddable":true,"href":"https:\/\/abanicos-valencianos.es\/fr\/wp-json\/wp\/v2\/product_brand?post=3128"},{"taxonomy":"product_cat","embeddable":true,"href":"https:\/\/abanicos-valencianos.es\/fr\/wp-json\/wp\/v2\/product_cat?post=3128"},{"taxonomy":"product_tag","embeddable":true,"href":"https:\/\/abanicos-valencianos.es\/fr\/wp-json\/wp\/v2\/product_tag?post=3128"}],"curies":[{"name":"wp","href":"https:\/\/api.w.org\/{rel}","templated":true}]}}