{"id":2969,"date":"2025-05-28T11:49:23","date_gmt":"2025-05-28T09:49:23","guid":{"rendered":"https:\/\/abanicos-valencianos.es\/?post_type=product&#038;p=2969"},"modified":"2025-06-10T13:45:06","modified_gmt":"2025-06-10T11:45:06","slug":"ventilateur-de-couleur-copia","status":"publish","type":"product","link":"https:\/\/abanicos-valencianos.es\/fr\/abanico\/ventilateur-de-couleur-copia\/","title":{"rendered":"\u00c9ventail de couleurs blanc"},"content":{"rendered":"<p>\u00c9ventail standard, fabriqu\u00e9 en bois de CAOBA, poli \u00e0 la main. Pi\u00e8ce unique. 23cm<\/p>\n","protected":false},"excerpt":{"rendered":"<p>\u00c9ventail standard, fabriqu\u00e9 en bois de CAOBA, poli \u00e0 la main. Pi\u00e8ce unique. 23cm<\/p>\n","protected":false},"featured_media":4067,"comment_status":"closed","ping_status":"closed","template":"","meta":[],"product_brand":[],"product_cat":[68,69],"product_tag":[],"class_list":{"0":"post-2969","1":"product","2":"type-product","3":"status-publish","4":"has-post-thumbnail","6":"product_cat-eventails-colores","7":"product_cat-ventilateurs-pour-hommes","9":"first","10":"instock","11":"shipping-taxable","12":"purchasable","13":"product-type-simple"},"_links":{"self":[{"href":"https:\/\/abanicos-valencianos.es\/fr\/wp-json\/wp\/v2\/product\/2969","targetHints":{"allow":["GET"]}}],"collection":[{"href":"https:\/\/abanicos-valencianos.es\/fr\/wp-json\/wp\/v2\/product"}],"about":[{"href":"https:\/\/abanicos-valencianos.es\/fr\/wp-json\/wp\/v2\/types\/product"}],"replies":[{"embeddable":true,"href":"https:\/\/abanicos-valencianos.es\/fr\/wp-json\/wp\/v2\/comments?post=2969"}],"wp:featuredmedia":[{"embeddable":true,"href":"https:\/\/abanicos-valencianos.es\/fr\/wp-json\/wp\/v2\/media\/4067"}],"wp:attachment":[{"href":"https:\/\/abanicos-valencianos.es\/fr\/wp-json\/wp\/v2\/media?parent=2969"}],"wp:term":[{"taxonomy":"product_brand","embeddable":true,"href":"https:\/\/abanicos-valencianos.es\/fr\/wp-json\/wp\/v2\/product_brand?post=2969"},{"taxonomy":"product_cat","embeddable":true,"href":"https:\/\/abanicos-valencianos.es\/fr\/wp-json\/wp\/v2\/product_cat?post=2969"},{"taxonomy":"product_tag","embeddable":true,"href":"https:\/\/abanicos-valencianos.es\/fr\/wp-json\/wp\/v2\/product_tag?post=2969"}],"curies":[{"name":"wp","href":"https:\/\/api.w.org\/{rel}","templated":true}]}}