{"id":2593,"date":"2025-05-27T13:07:36","date_gmt":"2025-05-27T11:07:36","guid":{"rendered":"https:\/\/abanicos-valencianos.es\/?post_type=product&#038;p=2593"},"modified":"2025-06-10T13:16:50","modified_gmt":"2025-06-10T11:16:50","slug":"eventail-a-etoiles-bleu-et-blanc-copia","status":"publish","type":"product","link":"https:\/\/abanicos-valencianos.es\/fr\/abanico\/eventail-a-etoiles-bleu-et-blanc-copia\/","title":{"rendered":"Eventail \u00e0 \u00e9toile rouge ou vert"},"content":{"rendered":"<p>Eventail d\u00e9coup\u00e9, fait main avec \u00e9toile<\/p>\n<p>Laqu\u00e9 rouge ou vert<\/p>\n<p>Bois de sipo<\/p>\n<p>Peint \u00e0 la main.<\/p>\n<p>Dimensions : 23cm<\/p>\n<p><\/p>\n","protected":false},"excerpt":{"rendered":"<p>Eventail d\u00e9coup\u00e9, fait main avec \u00e9toile Laqu\u00e9 rouge ou vert Bois de sipo Peint \u00e0 la main. Dimensions : 23cm<\/p>\n","protected":false},"featured_media":4129,"comment_status":"closed","ping_status":"closed","template":"","meta":[],"product_brand":[],"product_cat":[62],"product_tag":[],"class_list":{"0":"post-2593","1":"product","2":"type-product","3":"status-publish","4":"has-post-thumbnail","6":"product_cat-ventilateurs-modernes","8":"first","9":"outofstock","10":"shipping-taxable","11":"product-type-simple"},"_links":{"self":[{"href":"https:\/\/abanicos-valencianos.es\/fr\/wp-json\/wp\/v2\/product\/2593","targetHints":{"allow":["GET"]}}],"collection":[{"href":"https:\/\/abanicos-valencianos.es\/fr\/wp-json\/wp\/v2\/product"}],"about":[{"href":"https:\/\/abanicos-valencianos.es\/fr\/wp-json\/wp\/v2\/types\/product"}],"replies":[{"embeddable":true,"href":"https:\/\/abanicos-valencianos.es\/fr\/wp-json\/wp\/v2\/comments?post=2593"}],"wp:featuredmedia":[{"embeddable":true,"href":"https:\/\/abanicos-valencianos.es\/fr\/wp-json\/wp\/v2\/media\/4129"}],"wp:attachment":[{"href":"https:\/\/abanicos-valencianos.es\/fr\/wp-json\/wp\/v2\/media?parent=2593"}],"wp:term":[{"taxonomy":"product_brand","embeddable":true,"href":"https:\/\/abanicos-valencianos.es\/fr\/wp-json\/wp\/v2\/product_brand?post=2593"},{"taxonomy":"product_cat","embeddable":true,"href":"https:\/\/abanicos-valencianos.es\/fr\/wp-json\/wp\/v2\/product_cat?post=2593"},{"taxonomy":"product_tag","embeddable":true,"href":"https:\/\/abanicos-valencianos.es\/fr\/wp-json\/wp\/v2\/product_tag?post=2593"}],"curies":[{"name":"wp","href":"https:\/\/api.w.org\/{rel}","templated":true}]}}