{"id":2581,"date":"2025-05-27T13:01:18","date_gmt":"2025-05-27T11:01:18","guid":{"rendered":"https:\/\/abanicos-valencianos.es\/?post_type=product&#038;p=2581"},"modified":"2025-06-10T13:08:42","modified_gmt":"2025-06-10T11:08:42","slug":"eventail-carre-bleu-et-blanc-copia","status":"publish","type":"product","link":"https:\/\/abanicos-valencianos.es\/fr\/abanico\/eventail-carre-bleu-et-blanc-copia\/","title":{"rendered":"Eventail carr\u00e9 vert"},"content":{"rendered":"<p>Eventail d\u00e9coup\u00e9 \u00e0 la main avec carr\u00e9<\/p>\n<p>Laqu\u00e9 en vert<\/p>\n<p>Bois de sipo<\/p>\n<p>Peint \u00e0 la main.<\/p>\n<p>Dimensions : 23cm<\/p>\n<p><\/p>\n","protected":false},"excerpt":{"rendered":"<p>Eventail d\u00e9coup\u00e9 \u00e0 la main avec carr\u00e9 Laqu\u00e9 en vert Bois de sipo Peint \u00e0 la main. Dimensions : 23cm<\/p>\n","protected":false},"featured_media":4135,"comment_status":"closed","ping_status":"closed","template":"","meta":[],"product_brand":[],"product_cat":[62],"product_tag":[],"class_list":{"0":"post-2581","1":"product","2":"type-product","3":"status-publish","4":"has-post-thumbnail","6":"product_cat-ventilateurs-modernes","8":"first","9":"outofstock","10":"shipping-taxable","11":"product-type-simple"},"_links":{"self":[{"href":"https:\/\/abanicos-valencianos.es\/fr\/wp-json\/wp\/v2\/product\/2581","targetHints":{"allow":["GET"]}}],"collection":[{"href":"https:\/\/abanicos-valencianos.es\/fr\/wp-json\/wp\/v2\/product"}],"about":[{"href":"https:\/\/abanicos-valencianos.es\/fr\/wp-json\/wp\/v2\/types\/product"}],"replies":[{"embeddable":true,"href":"https:\/\/abanicos-valencianos.es\/fr\/wp-json\/wp\/v2\/comments?post=2581"}],"wp:featuredmedia":[{"embeddable":true,"href":"https:\/\/abanicos-valencianos.es\/fr\/wp-json\/wp\/v2\/media\/4135"}],"wp:attachment":[{"href":"https:\/\/abanicos-valencianos.es\/fr\/wp-json\/wp\/v2\/media?parent=2581"}],"wp:term":[{"taxonomy":"product_brand","embeddable":true,"href":"https:\/\/abanicos-valencianos.es\/fr\/wp-json\/wp\/v2\/product_brand?post=2581"},{"taxonomy":"product_cat","embeddable":true,"href":"https:\/\/abanicos-valencianos.es\/fr\/wp-json\/wp\/v2\/product_cat?post=2581"},{"taxonomy":"product_tag","embeddable":true,"href":"https:\/\/abanicos-valencianos.es\/fr\/wp-json\/wp\/v2\/product_tag?post=2581"}],"curies":[{"name":"wp","href":"https:\/\/api.w.org\/{rel}","templated":true}]}}