{"id":2368,"date":"2025-05-22T14:23:32","date_gmt":"2025-05-22T12:23:32","guid":{"rendered":"https:\/\/abanicos-valencianos.es\/?post_type=product&#038;p=2368"},"modified":"2025-06-10T12:25:55","modified_gmt":"2025-06-10T10:25:55","slug":"eventail-de-mariage-avec-fleurs-blanches-et-violettes-copia","status":"publish","type":"product","link":"https:\/\/abanicos-valencianos.es\/fr\/abanico\/eventail-de-mariage-avec-fleurs-blanches-et-violettes-copia\/","title":{"rendered":"\u00c9ventail de mariage simple"},"content":{"rendered":"<p>Eventail de mariage semi-pericon en poirier avec dentelle.<\/p>\n<p>Dentelle en coton naturel cousue \u00e0 la main.<\/p>\n<p>D\u00e9coup\u00e9 et laqu\u00e9 \u00e0 la main.<\/p>\n","protected":false},"excerpt":{"rendered":"<p>Eventail de mariage semi-pericon en poirier avec dentelle. Dentelle en coton naturel cousue \u00e0 la main. D\u00e9coup\u00e9 et laqu\u00e9 \u00e0 la main.<\/p>\n","protected":false},"featured_media":3745,"comment_status":"closed","ping_status":"closed","template":"","meta":[],"product_brand":[],"product_cat":[77],"product_tag":[],"class_list":{"0":"post-2368","1":"product","2":"type-product","3":"status-publish","4":"has-post-thumbnail","6":"product_cat-ventilateurs-pour-les-mariages","8":"first","9":"instock","10":"shipping-taxable","11":"purchasable","12":"product-type-simple"},"_links":{"self":[{"href":"https:\/\/abanicos-valencianos.es\/fr\/wp-json\/wp\/v2\/product\/2368","targetHints":{"allow":["GET"]}}],"collection":[{"href":"https:\/\/abanicos-valencianos.es\/fr\/wp-json\/wp\/v2\/product"}],"about":[{"href":"https:\/\/abanicos-valencianos.es\/fr\/wp-json\/wp\/v2\/types\/product"}],"replies":[{"embeddable":true,"href":"https:\/\/abanicos-valencianos.es\/fr\/wp-json\/wp\/v2\/comments?post=2368"}],"wp:featuredmedia":[{"embeddable":true,"href":"https:\/\/abanicos-valencianos.es\/fr\/wp-json\/wp\/v2\/media\/3745"}],"wp:attachment":[{"href":"https:\/\/abanicos-valencianos.es\/fr\/wp-json\/wp\/v2\/media?parent=2368"}],"wp:term":[{"taxonomy":"product_brand","embeddable":true,"href":"https:\/\/abanicos-valencianos.es\/fr\/wp-json\/wp\/v2\/product_brand?post=2368"},{"taxonomy":"product_cat","embeddable":true,"href":"https:\/\/abanicos-valencianos.es\/fr\/wp-json\/wp\/v2\/product_cat?post=2368"},{"taxonomy":"product_tag","embeddable":true,"href":"https:\/\/abanicos-valencianos.es\/fr\/wp-json\/wp\/v2\/product_tag?post=2368"}],"curies":[{"name":"wp","href":"https:\/\/api.w.org\/{rel}","templated":true}]}}