{"id":2347,"date":"2025-05-22T13:52:17","date_gmt":"2025-05-22T11:52:17","guid":{"rendered":"https:\/\/abanicos-valencianos.es\/?post_type=product&#038;p=2347"},"modified":"2025-06-09T14:43:06","modified_gmt":"2025-06-09T12:43:06","slug":"sac-a-main-elisabethain-eventail-19-cm-copia-copia","status":"publish","type":"product","link":"https:\/\/abanicos-valencianos.es\/fr\/abanico\/sac-a-main-elisabethain-eventail-19-cm-copia-copia\/","title":{"rendered":"Eventail \u00e9lisabeth pour sac \u00e0 main 19 cm"},"content":{"rendered":"<p>Eventail Danta-kotib\u00e9 en forme de poignard.<\/p>\n<p>Couleur orange avec finition en bois rond<\/p>\n<p>Convient \u00e0 la poche d&rsquo;un costume d&rsquo;homme.<\/p>\n<p>Poli.<\/p>\n<p>Dimensions : 19 cm<\/p>\n<p><\/p>\n","protected":false},"excerpt":{"rendered":"<p>Eventail Danta-kotib\u00e9 en forme de poignard. Couleur orange avec finition en bois rond Convient \u00e0 la poche d&rsquo;un costume d&rsquo;homme. Poli. Dimensions : 19 cm<\/p>\n","protected":false},"featured_media":2359,"comment_status":"closed","ping_status":"closed","template":"","meta":[],"product_brand":[],"product_cat":[68,69],"product_tag":[],"class_list":{"0":"post-2347","1":"product","2":"type-product","3":"status-publish","4":"has-post-thumbnail","6":"product_cat-eventails-colores","7":"product_cat-ventilateurs-pour-hommes","9":"first","10":"instock","11":"shipping-taxable","12":"product-type-simple"},"_links":{"self":[{"href":"https:\/\/abanicos-valencianos.es\/fr\/wp-json\/wp\/v2\/product\/2347","targetHints":{"allow":["GET"]}}],"collection":[{"href":"https:\/\/abanicos-valencianos.es\/fr\/wp-json\/wp\/v2\/product"}],"about":[{"href":"https:\/\/abanicos-valencianos.es\/fr\/wp-json\/wp\/v2\/types\/product"}],"replies":[{"embeddable":true,"href":"https:\/\/abanicos-valencianos.es\/fr\/wp-json\/wp\/v2\/comments?post=2347"}],"wp:featuredmedia":[{"embeddable":true,"href":"https:\/\/abanicos-valencianos.es\/fr\/wp-json\/wp\/v2\/media\/2359"}],"wp:attachment":[{"href":"https:\/\/abanicos-valencianos.es\/fr\/wp-json\/wp\/v2\/media?parent=2347"}],"wp:term":[{"taxonomy":"product_brand","embeddable":true,"href":"https:\/\/abanicos-valencianos.es\/fr\/wp-json\/wp\/v2\/product_brand?post=2347"},{"taxonomy":"product_cat","embeddable":true,"href":"https:\/\/abanicos-valencianos.es\/fr\/wp-json\/wp\/v2\/product_cat?post=2347"},{"taxonomy":"product_tag","embeddable":true,"href":"https:\/\/abanicos-valencianos.es\/fr\/wp-json\/wp\/v2\/product_tag?post=2347"}],"curies":[{"name":"wp","href":"https:\/\/api.w.org\/{rel}","templated":true}]}}