{"id":2326,"date":"2025-05-22T13:46:15","date_gmt":"2025-05-22T11:46:15","guid":{"rendered":"https:\/\/abanicos-valencianos.es\/?post_type=product&#038;p=2326"},"modified":"2025-06-10T12:19:10","modified_gmt":"2025-06-10T10:19:10","slug":"fille-a-la-fenetre-salvador-dali-copia","status":"publish","type":"product","link":"https:\/\/abanicos-valencianos.es\/fr\/abanico\/fille-a-la-fenetre-salvador-dali-copia\/","title":{"rendered":"\u00ab Composition rouge, bleu, jaune \u00bb- Piet Mondrian"},"content":{"rendered":"<p>Eventail d\u00e9coup\u00e9 \u00e0 la main<\/p>\n<p>Bois de sipo<\/p>\n<p>Peint \u00e0 la main.<\/p>\n<p>Dimensions : 27cm<\/p>\n<p><\/p>\n","protected":false},"excerpt":{"rendered":"<p>Eventail d\u00e9coup\u00e9 \u00e0 la main Bois de sipo Peint \u00e0 la main. Dimensions : 27cm<\/p>\n","protected":false},"featured_media":2332,"comment_status":"closed","ping_status":"closed","template":"","meta":[],"product_brand":[],"product_cat":[67],"product_tag":[],"class_list":{"0":"post-2326","1":"product","2":"type-product","3":"status-publish","4":"has-post-thumbnail","6":"product_cat-ventilateurs-a-damier","8":"first","9":"outofstock","10":"shipping-taxable","11":"product-type-simple"},"_links":{"self":[{"href":"https:\/\/abanicos-valencianos.es\/fr\/wp-json\/wp\/v2\/product\/2326","targetHints":{"allow":["GET"]}}],"collection":[{"href":"https:\/\/abanicos-valencianos.es\/fr\/wp-json\/wp\/v2\/product"}],"about":[{"href":"https:\/\/abanicos-valencianos.es\/fr\/wp-json\/wp\/v2\/types\/product"}],"replies":[{"embeddable":true,"href":"https:\/\/abanicos-valencianos.es\/fr\/wp-json\/wp\/v2\/comments?post=2326"}],"wp:featuredmedia":[{"embeddable":true,"href":"https:\/\/abanicos-valencianos.es\/fr\/wp-json\/wp\/v2\/media\/2332"}],"wp:attachment":[{"href":"https:\/\/abanicos-valencianos.es\/fr\/wp-json\/wp\/v2\/media?parent=2326"}],"wp:term":[{"taxonomy":"product_brand","embeddable":true,"href":"https:\/\/abanicos-valencianos.es\/fr\/wp-json\/wp\/v2\/product_brand?post=2326"},{"taxonomy":"product_cat","embeddable":true,"href":"https:\/\/abanicos-valencianos.es\/fr\/wp-json\/wp\/v2\/product_cat?post=2326"},{"taxonomy":"product_tag","embeddable":true,"href":"https:\/\/abanicos-valencianos.es\/fr\/wp-json\/wp\/v2\/product_tag?post=2326"}],"curies":[{"name":"wp","href":"https:\/\/api.w.org\/{rel}","templated":true}]}}