{"id":2177,"date":"2025-05-21T12:33:24","date_gmt":"2025-05-21T10:33:24","guid":{"rendered":"https:\/\/abanicos-valencianos.es\/?post_type=product&#038;p=2177"},"modified":"2025-06-09T14:21:49","modified_gmt":"2025-06-09T12:21:49","slug":"jeu-de-cartes-avec-fleurs-copia","status":"publish","type":"product","link":"https:\/\/abanicos-valencianos.es\/fr\/abanico\/jeu-de-cartes-avec-fleurs-copia\/","title":{"rendered":"Bris\u00e9 m\u00e9lange de fleurs"},"content":{"rendered":"<p>Bris\u00e9 en poirier avec un m\u00e9lange de fleurs peintes dessus.<\/p>\n<p>Sculpt\u00e9 \u00e0 la main.<\/p>\n<p>Peint \u00e0 la main.<\/p>\n<p>Pi\u00e8ces limit\u00e9es.<\/p>\n","protected":false},"excerpt":{"rendered":"<p>Bris\u00e9 en poirier avec un m\u00e9lange de fleurs peintes dessus. Sculpt\u00e9 \u00e0 la main. Peint \u00e0 la main. Pi\u00e8ces limit\u00e9es.<\/p>\n","protected":false},"featured_media":2180,"comment_status":"closed","ping_status":"closed","template":"","meta":[],"product_brand":[],"product_cat":[53],"product_tag":[],"class_list":{"0":"post-2177","1":"product","2":"type-product","3":"status-publish","4":"has-post-thumbnail","6":"product_cat-ventilateurs-en-bois","8":"first","9":"instock","10":"shipping-taxable","11":"purchasable","12":"product-type-simple"},"_links":{"self":[{"href":"https:\/\/abanicos-valencianos.es\/fr\/wp-json\/wp\/v2\/product\/2177","targetHints":{"allow":["GET"]}}],"collection":[{"href":"https:\/\/abanicos-valencianos.es\/fr\/wp-json\/wp\/v2\/product"}],"about":[{"href":"https:\/\/abanicos-valencianos.es\/fr\/wp-json\/wp\/v2\/types\/product"}],"replies":[{"embeddable":true,"href":"https:\/\/abanicos-valencianos.es\/fr\/wp-json\/wp\/v2\/comments?post=2177"}],"wp:featuredmedia":[{"embeddable":true,"href":"https:\/\/abanicos-valencianos.es\/fr\/wp-json\/wp\/v2\/media\/2180"}],"wp:attachment":[{"href":"https:\/\/abanicos-valencianos.es\/fr\/wp-json\/wp\/v2\/media?parent=2177"}],"wp:term":[{"taxonomy":"product_brand","embeddable":true,"href":"https:\/\/abanicos-valencianos.es\/fr\/wp-json\/wp\/v2\/product_brand?post=2177"},{"taxonomy":"product_cat","embeddable":true,"href":"https:\/\/abanicos-valencianos.es\/fr\/wp-json\/wp\/v2\/product_cat?post=2177"},{"taxonomy":"product_tag","embeddable":true,"href":"https:\/\/abanicos-valencianos.es\/fr\/wp-json\/wp\/v2\/product_tag?post=2177"}],"curies":[{"name":"wp","href":"https:\/\/api.w.org\/{rel}","templated":true}]}}