{"id":2125,"date":"2025-05-19T17:16:27","date_gmt":"2025-05-19T15:16:27","guid":{"rendered":"https:\/\/abanicos-valencianos.es\/?post_type=product&#038;p=2125"},"modified":"2025-06-09T14:14:41","modified_gmt":"2025-06-09T12:14:41","slug":"eventail-de-fallas-avec-dentelle-en-costume-valencien-copie-copia","status":"publish","type":"product","link":"https:\/\/abanicos-valencianos.es\/fr\/abanico\/eventail-de-fallas-avec-dentelle-en-costume-valencien-copie-copia\/","title":{"rendered":"\u00c9ventail de costumes valenciens"},"content":{"rendered":"<p>Danta-kotibe \u00e9ventail semipericon taille<\/p>\n<p>Dessin\u00e9 \u00e0 la main<\/p>\n<p>Laqu\u00e9 naturel semi-brillant<\/p>\n<p>Grav\u00e9 \u00e0 la main<\/p>\n<p>Tissus peint \u00e0 la main reproduisant le dessin et les couleurs de la robe.<\/p>\n<p>Pi\u00e8ce r\u00e9alis\u00e9e sur commande.<\/p>\n","protected":false},"excerpt":{"rendered":"<p>\u00c9ventail semi-pericon pour fallera, en bois de danta-kotibe. D\u00e9coupage et gravures faites \u00e0 la main, laque naturelle avec finition semi-brillante. Le tissu, peint \u00e0 la main, reproduit les d\u00e9tails et les couleurs du costume de la fallera ou de la valenciana. Pi\u00e8ce unique et personnalis\u00e9e, r\u00e9alis\u00e9e sur commande.   <\/p>\n","protected":false},"featured_media":3727,"comment_status":"closed","ping_status":"closed","template":"","meta":[],"product_brand":[],"product_cat":[75],"product_tag":[],"class_list":{"0":"post-2125","1":"product","2":"type-product","3":"status-publish","4":"has-post-thumbnail","6":"product_cat-les-fans-des-fallas","8":"first","9":"instock","10":"shipping-taxable","11":"purchasable","12":"product-type-simple"},"_links":{"self":[{"href":"https:\/\/abanicos-valencianos.es\/fr\/wp-json\/wp\/v2\/product\/2125","targetHints":{"allow":["GET"]}}],"collection":[{"href":"https:\/\/abanicos-valencianos.es\/fr\/wp-json\/wp\/v2\/product"}],"about":[{"href":"https:\/\/abanicos-valencianos.es\/fr\/wp-json\/wp\/v2\/types\/product"}],"replies":[{"embeddable":true,"href":"https:\/\/abanicos-valencianos.es\/fr\/wp-json\/wp\/v2\/comments?post=2125"}],"wp:featuredmedia":[{"embeddable":true,"href":"https:\/\/abanicos-valencianos.es\/fr\/wp-json\/wp\/v2\/media\/3727"}],"wp:attachment":[{"href":"https:\/\/abanicos-valencianos.es\/fr\/wp-json\/wp\/v2\/media?parent=2125"}],"wp:term":[{"taxonomy":"product_brand","embeddable":true,"href":"https:\/\/abanicos-valencianos.es\/fr\/wp-json\/wp\/v2\/product_brand?post=2125"},{"taxonomy":"product_cat","embeddable":true,"href":"https:\/\/abanicos-valencianos.es\/fr\/wp-json\/wp\/v2\/product_cat?post=2125"},{"taxonomy":"product_tag","embeddable":true,"href":"https:\/\/abanicos-valencianos.es\/fr\/wp-json\/wp\/v2\/product_tag?post=2125"}],"curies":[{"name":"wp","href":"https:\/\/api.w.org\/{rel}","templated":true}]}}