{"id":1981,"date":"2024-09-25T17:41:34","date_gmt":"2024-09-25T15:41:34","guid":{"rendered":"https:\/\/abanicos-valencianos.es\/abanico\/eventail-de-fallas-avec-dentelle-costume-valencien\/"},"modified":"2024-09-25T17:41:34","modified_gmt":"2024-09-25T15:41:34","slug":"eventail-de-fallas-avec-dentelle-costume-valencien","status":"publish","type":"product","link":"https:\/\/abanicos-valencianos.es\/fr\/abanico\/eventail-de-fallas-avec-dentelle-costume-valencien\/","title":{"rendered":"Eventail de Fallas avec dentelle Costume valencien"},"content":{"rendered":"<p>Eventail pour fallera, de taille semi-pericon, en bois de danta-kotibe avec dentelle.<\/p>\n<p>Dentelle cousue \u00e0 la main en coton naturel.<\/p>\n<p>Dessin\u00e9 \u00e0 la main.<\/p>\n<p>Laque naturelle semi-brillante.<\/p>\n<p>Grav\u00e9 \u00e0 la main.<\/p>\n<p>Pays peint \u00e0 la main reproduisant le motif et les couleurs de la robe.<\/p>\n<p>Pi\u00e8ce sur mesure.<\/p>\n<p>Dimensions :<\/p>\n<p>Poids :<\/p>\n","protected":false},"excerpt":{"rendered":"<p>Eventail semi-pericon pour fallera, en bois de danta-kotibe avec dentelle de coton cousue \u00e0 la main. Frettes et gravures faites \u00e0 la main, laque naturelle avec finition semi-brillante. Le pays, peint \u00e0 la main, reproduit les d\u00e9tails et les couleurs de la fallera ou du costume valencien. Pi\u00e8ce unique et personnalis\u00e9e, r\u00e9alis\u00e9e sur commande.   <\/p>\n","protected":false},"featured_media":3733,"comment_status":"closed","ping_status":"closed","template":"","meta":[],"product_brand":[],"product_cat":[75],"product_tag":[],"class_list":{"0":"post-1981","1":"product","2":"type-product","3":"status-publish","4":"has-post-thumbnail","6":"product_cat-les-fans-des-fallas","8":"first","9":"instock","10":"shipping-taxable","11":"purchasable","12":"product-type-simple"},"_links":{"self":[{"href":"https:\/\/abanicos-valencianos.es\/fr\/wp-json\/wp\/v2\/product\/1981","targetHints":{"allow":["GET"]}}],"collection":[{"href":"https:\/\/abanicos-valencianos.es\/fr\/wp-json\/wp\/v2\/product"}],"about":[{"href":"https:\/\/abanicos-valencianos.es\/fr\/wp-json\/wp\/v2\/types\/product"}],"replies":[{"embeddable":true,"href":"https:\/\/abanicos-valencianos.es\/fr\/wp-json\/wp\/v2\/comments?post=1981"}],"wp:featuredmedia":[{"embeddable":true,"href":"https:\/\/abanicos-valencianos.es\/fr\/wp-json\/wp\/v2\/media\/3733"}],"wp:attachment":[{"href":"https:\/\/abanicos-valencianos.es\/fr\/wp-json\/wp\/v2\/media?parent=1981"}],"wp:term":[{"taxonomy":"product_brand","embeddable":true,"href":"https:\/\/abanicos-valencianos.es\/fr\/wp-json\/wp\/v2\/product_brand?post=1981"},{"taxonomy":"product_cat","embeddable":true,"href":"https:\/\/abanicos-valencianos.es\/fr\/wp-json\/wp\/v2\/product_cat?post=1981"},{"taxonomy":"product_tag","embeddable":true,"href":"https:\/\/abanicos-valencianos.es\/fr\/wp-json\/wp\/v2\/product_tag?post=1981"}],"curies":[{"name":"wp","href":"https:\/\/api.w.org\/{rel}","templated":true}]}}