{"id":1850,"date":"2024-09-29T11:45:27","date_gmt":"2024-09-29T09:45:27","guid":{"rendered":"https:\/\/abanicos-valencianos.es\/abanico\/cheminee-varifuera-no10-palau-guell-gaudi\/"},"modified":"2025-05-15T16:28:07","modified_gmt":"2025-05-15T14:28:07","slug":"cheminee-varifuera-no10-palau-guell-gaudi","status":"publish","type":"product","link":"https:\/\/abanicos-valencianos.es\/fr\/abanico\/cheminee-varifuera-no10-palau-guell-gaudi\/","title":{"rendered":"Chemin\u00e9e Varifuera n\u00ba10 Palau G\u00fcell Gaud\u00ed"},"content":{"rendered":"<p>\u00c9ventail Danta-kotibe avec une recr\u00e9ation de l&rsquo;une des plus c\u00e9l\u00e8bres chemin\u00e9es du Palau G\u00fcell de Gaud\u00ed (1886-1890).<\/p>\n<p>Dessin\u00e9 \u00e0 la main.<\/p>\n<p>Laque naturelle semi-brillante.<\/p>\n<p>Peint \u00e0 la main.<\/p>\n<p>Pi\u00e8ces limit\u00e9es.<\/p>\n<p>Dimensions :<\/p>\n<p>Poids :<\/p>\n","protected":false},"excerpt":{"rendered":"<p>\u00c9ventail Danta-kotibe avec une recr\u00e9ation de l&rsquo;une des plus c\u00e9l\u00e8bres chemin\u00e9es du Palau G\u00fcell de Gaud\u00ed (1886-1890). Dessin\u00e9 \u00e0 la main. Laque naturelle semi-brillante. Peint \u00e0 la main. Pi\u00e8ces limit\u00e9es. Dimensions : Poids :<\/p>\n","protected":false},"featured_media":1731,"comment_status":"closed","ping_status":"closed","template":"","meta":[],"product_brand":[],"product_cat":[62],"product_tag":[],"class_list":{"0":"post-1850","1":"product","2":"type-product","3":"status-publish","4":"has-post-thumbnail","6":"product_cat-ventilateurs-modernes","8":"first","9":"instock","10":"shipping-taxable","11":"purchasable","12":"product-type-simple"},"_links":{"self":[{"href":"https:\/\/abanicos-valencianos.es\/fr\/wp-json\/wp\/v2\/product\/1850","targetHints":{"allow":["GET"]}}],"collection":[{"href":"https:\/\/abanicos-valencianos.es\/fr\/wp-json\/wp\/v2\/product"}],"about":[{"href":"https:\/\/abanicos-valencianos.es\/fr\/wp-json\/wp\/v2\/types\/product"}],"replies":[{"embeddable":true,"href":"https:\/\/abanicos-valencianos.es\/fr\/wp-json\/wp\/v2\/comments?post=1850"}],"wp:featuredmedia":[{"embeddable":true,"href":"https:\/\/abanicos-valencianos.es\/fr\/wp-json\/wp\/v2\/media\/1731"}],"wp:attachment":[{"href":"https:\/\/abanicos-valencianos.es\/fr\/wp-json\/wp\/v2\/media?parent=1850"}],"wp:term":[{"taxonomy":"product_brand","embeddable":true,"href":"https:\/\/abanicos-valencianos.es\/fr\/wp-json\/wp\/v2\/product_brand?post=1850"},{"taxonomy":"product_cat","embeddable":true,"href":"https:\/\/abanicos-valencianos.es\/fr\/wp-json\/wp\/v2\/product_cat?post=1850"},{"taxonomy":"product_tag","embeddable":true,"href":"https:\/\/abanicos-valencianos.es\/fr\/wp-json\/wp\/v2\/product_tag?post=1850"}],"curies":[{"name":"wp","href":"https:\/\/api.w.org\/{rel}","templated":true}]}}