{"id":1937,"date":"2024-09-20T12:35:52","date_gmt":"2024-09-20T10:35:52","guid":{"rendered":"https:\/\/abanicos-valencianos.es\/a-propos-de-nous-abanicos-munoz\/"},"modified":"2025-05-15T13:29:02","modified_gmt":"2025-05-15T11:29:02","slug":"a-propos-de-nous-abanicos-munoz","status":"publish","type":"page","link":"https:\/\/abanicos-valencianos.es\/fr\/a-propos-de-nous-abanicos-munoz\/","title":{"rendered":"\u00c0 propos de nous &#8211; Abanicos Mu\u00f1oz"},"content":{"rendered":"\n<div class=\"wp-block-group\"><div class=\"wp-block-group__inner-container is-layout-constrained wp-block-group-is-layout-constrained\">\n<div style=\"height:50px\" aria-hidden=\"true\" class=\"wp-block-spacer space-50\"><\/div>\n\n\n\n<p class=\"has-text-align-center txt-12-300-30\"><a href=\"https:\/\/abanicos-valencianos.es\/fr\/\" data-type=\"page\" data-id=\"223\">Abanicos Mu\u00f1oz<\/a> \/ <strong>A propos de nous<\/strong><\/p>\n\n\n\n<div style=\"height:50px\" aria-hidden=\"true\" class=\"wp-block-spacer space-50\"><\/div>\n\n\n\n<h1 class=\"wp-block-heading has-text-align-center txt-32-700-up\">Les \u00e9ventails de Mu\u00f1oz<\/h1>\n\n\n\n<div style=\"height:80px\" aria-hidden=\"true\" class=\"wp-block-spacer space-100\"><\/div>\n\n\n\n<div class=\"wp-block-group\"><div class=\"wp-block-group__inner-container is-layout-constrained wp-block-group-is-layout-constrained\">\n<p class=\"has-text-align-center txt-18-300-30\">Chez <strong>Abanicos Mu\u00f1oz<\/strong>, nous sommes une r\u00e9f\u00e9rence dans l&rsquo;art de fabriquer des \u00e9ventails \u00e0 la main. Depuis plusieurs g\u00e9n\u00e9rations, notre mission est de pr\u00e9server et de promouvoir une tradition qui allie l&rsquo;art et la fonctionnalit\u00e9, en maintenant vivant le savoir ancestral transmis par des g\u00e9n\u00e9rations d&rsquo;artisans. <\/p>\n\n\n\n<p class=\"has-text-align-center txt-18-300-30\">Chaque \u00e9ventail que nous produisons est une expression d&rsquo;excellence, o\u00f9 la tradition rencontre l&rsquo;innovation, donnant lieu \u00e0 des pi\u00e8ces uniques qui symbolisent l&rsquo;\u00e9l\u00e9gance et l&rsquo;h\u00e9ritage culturel espagnol.<\/p>\n\n\n\n<div style=\"height:83px\" aria-hidden=\"true\" class=\"wp-block-spacer\"><\/div>\n\n\n\n<hr class=\"wp-block-separator has-alpha-channel-opacity is-style-default linea-about\"\/>\n<\/div><\/div>\n\n\n\n<div style=\"height:83px\" aria-hidden=\"true\" class=\"wp-block-spacer\"><\/div>\n\n\n\n<div class=\"wp-block-columns is-layout-flex wp-container-core-columns-is-layout-9d6595d7 wp-block-columns-is-layout-flex\">\n<div class=\"wp-block-column is-vertically-aligned-center is-layout-flow wp-block-column-is-layout-flow\" style=\"flex-basis:50%\">\n<figure class=\"wp-block-image size-full\"><img loading=\"lazy\" decoding=\"async\" width=\"1610\" height=\"876\" src=\"https:\/\/abanicos-valencianos.es\/wp-content\/uploads\/2024\/11\/dsc01866-15661-4.webp\" alt=\"\" class=\"wp-image-1139\" srcset=\"https:\/\/abanicos-valencianos.es\/wp-content\/uploads\/2024\/11\/dsc01866-15661-4.webp 1610w, https:\/\/abanicos-valencianos.es\/wp-content\/uploads\/2024\/11\/dsc01866-15661-4-300x163.webp 300w, https:\/\/abanicos-valencianos.es\/wp-content\/uploads\/2024\/11\/dsc01866-15661-4-1024x557.webp 1024w, https:\/\/abanicos-valencianos.es\/wp-content\/uploads\/2024\/11\/dsc01866-15661-4-768x418.webp 768w, https:\/\/abanicos-valencianos.es\/wp-content\/uploads\/2024\/11\/dsc01866-15661-4-1536x836.webp 1536w, https:\/\/abanicos-valencianos.es\/wp-content\/uploads\/2024\/11\/dsc01866-15661-4-450x245.webp 450w, https:\/\/abanicos-valencianos.es\/wp-content\/uploads\/2024\/11\/dsc01866-15661-4-1200x653.webp 1200w\" sizes=\"auto, (max-width: 1610px) 100vw, 1610px\" \/><\/figure>\n<\/div>\n\n\n\n<div class=\"wp-block-column is-layout-flow wp-block-column-is-layout-flow\" style=\"flex-basis:50%\">\n<h2 class=\"wp-block-heading txt-44-400-52\">Nos ma\u00eetres artisans<\/h2>\n\n\n\n<p class=\"txt-18-300-30\">Nos comp\u00e9tences en tant que ma\u00eetres \u00e9ventaillistes se refl\u00e8tent dans chaque d\u00e9tail des \u00e9ventails que nous cr\u00e9ons. Nous connaissons parfaitement toutes les parties de l&rsquo;\u00e9ventail et veillons \u00e0 ce que chacune d&rsquo;entre elles soit parfaite : des <strong>baguettes<\/strong> fabriqu\u00e9es avec des bois nobles et contr\u00f4l\u00e9s, tels que le <strong>bouleau, le bubinga, l&rsquo;acajou, le c\u00e8dre, l&rsquo;\u00e9b\u00e8ne, le kotib\u00e9 (tapir), l&rsquo;olivier, le palo santo, le palo rojo, le bananier, le sapelli, le samanguila, le sipo, le poirier, le pin jaune du sud (mobila), le zebrano<\/strong> ou le <strong>weng\u00e9<\/strong>, jusqu&rsquo;au <strong>pays<\/strong> ou au tissu, compos\u00e9 principalement de <strong>100 % de coton<\/strong> ou de <strong>soie naturelle<\/strong>, travaill\u00e9 avec la technique traditionnelle de la <strong>gouache<\/strong> \u00e0 la main. <\/p>\n\n\n\n<p class=\"txt-18-300-30\">Chaque ventilateur est soumis \u00e0 un processus de fabrication enti\u00e8rement artisanal, o\u00f9 nos mains expertes s&rsquo;occupent de chaque d\u00e9tail de l&rsquo;assemblage, de la peinture et de la finition finale, garantissant que chaque pi\u00e8ce est une v\u00e9ritable \u0153uvre d&rsquo;art, digne d&rsquo;un client exigeant.<\/p>\n<\/div>\n<\/div>\n\n\n\n<p class=\"txt-18-300-30\"><\/p>\n\n\n\n<div style=\"height:128px\" aria-hidden=\"true\" class=\"wp-block-spacer space-125\"><\/div>\n<\/div><\/div>\n\n<div class=\"wp-block-group alignfull banner-catalogo\"><div class=\"wp-block-group__inner-container is-layout-constrained wp-block-group-is-layout-constrained\">\n<div class=\"wp-block-columns is-layout-flex wp-container-core-columns-is-layout-9d6595d7 wp-block-columns-is-layout-flex\">\n<div class=\"wp-block-column is-layout-flow wp-block-column-is-layout-flow\" style=\"flex-basis:30%\">\n<div style=\"height:160px\" aria-hidden=\"true\" class=\"wp-block-spacer space-160\"><\/div>\n\n\n\n<h2 class=\"wp-block-heading txt-44-400-52\">Types d&rsquo;\u00e9ventails<\/h2>\n\n\n\n<div style=\"height:50px\" aria-hidden=\"true\" class=\"wp-block-spacer space-50\"><\/div>\n\n\n\n<p class=\"txt-24-300-40\">Chez <strong>Abanicos Munoz<\/strong>, nous proposons une large gamme d&rsquo;\u00e9ventails pour tous les go\u00fbts et toutes les occasions. Des \u00e9ventails \u00e0 <strong>usage quotidien<\/strong>, qui allient design et fonctionnalit\u00e9, aux \u00e9ventails de <strong>c\u00e9r\u00e9monie<\/strong> et \u00e0 nos collections limit\u00e9es, chacun est fabriqu\u00e9 dans un style qui respecte les traditions sans n\u00e9gliger les tendances modernes. En outre, nous proposons des options de <strong>personnalisation<\/strong> pour les \u00e9v\u00e9nements sp\u00e9ciaux ou les clients qui souhaitent une pi\u00e8ce exclusive, en adaptant chaque d\u00e9tail du design \u00e0 leurs pr\u00e9f\u00e9rences.  <\/p>\n\n\n\n<div style=\"height:134px\" aria-hidden=\"true\" class=\"wp-block-spacer space-250\"><\/div>\n<\/div>\n\n\n\n<div class=\"wp-block-column banner-image is-layout-flow wp-block-column-is-layout-flow\"><\/div>\n<\/div>\n<\/div><\/div>\n\n<div class=\"wp-block-group alignfull\"><div class=\"wp-block-group__inner-container is-layout-constrained wp-block-group-is-layout-constrained\">\n<div style=\"height:160px\" aria-hidden=\"true\" class=\"wp-block-spacer space-160\"><\/div>\n\n\n\n<div class=\"wp-block-columns is-layout-flex wp-container-core-columns-is-layout-9d6595d7 wp-block-columns-is-layout-flex\">\n<div class=\"wp-block-column is-layout-flow wp-block-column-is-layout-flow\" style=\"flex-basis:33.34%\"><\/div>\n\n\n\n<div class=\"wp-block-column is-layout-flow wp-block-column-is-layout-flow\" style=\"flex-basis:60%\">\n<div class=\"wp-block-group\"><div class=\"wp-block-group__inner-container is-layout-constrained wp-block-group-is-layout-constrained\">\n<h2 class=\"wp-block-heading has-text-align-center txt-44-400-52\">Notre label de qualit\u00e9<\/h2>\n\n\n\n<p class=\"has-text-align-center txt-18-300-30\">Le label de qualit\u00e9 <strong>Abanicos Mu\u00f1oz<\/strong> est un symbole de confiance, de durabilit\u00e9 et d&rsquo;excellence artisanale. Chaque \u00e9ventail qui porte notre nom est soumis \u00e0 un contr\u00f4le de qualit\u00e9 rigoureux, qui \u00e9value l&rsquo;alignement des tiges, la fluidit\u00e9 du pliage et la r\u00e9sistance des mat\u00e9riaux. Mais notre engagement en faveur de la qualit\u00e9 ne s&rsquo;arr\u00eate pas l\u00e0 : nous portons \u00e9galement le prestigieux <strong>sceau AEA<\/strong> (marque exclusive de la guilde des \u00e9ventaillistes de Valence), une certification attribu\u00e9e uniquement aux ateliers qui respectent les normes les plus strictes en mati\u00e8re de fabrication traditionnelle.  <\/p>\n<\/div><\/div>\n<\/div>\n\n\n\n<div class=\"wp-block-column is-layout-flow wp-block-column-is-layout-flow\" style=\"flex-basis:33.33%\"><\/div>\n<\/div>\n\n\n\n<div style=\"height:87px\" aria-hidden=\"true\" class=\"wp-block-spacer\"><\/div>\n\n\n\n<hr class=\"wp-block-separator has-alpha-channel-opacity is-style-default linea-about\"\/>\n\n\n\n<div style=\"height:45px\" aria-hidden=\"true\" class=\"wp-block-spacer\"><\/div>\n\n\n\n<div class=\"wp-block-columns col3-catalogo is-layout-flex wp-container-core-columns-is-layout-9d6595d7 wp-block-columns-is-layout-flex\">\n<div class=\"wp-block-column is-layout-flow wp-block-column-is-layout-flow\" style=\"flex-basis:50%\">\n<div style=\"height:45px;width:0px\" aria-hidden=\"true\" class=\"wp-block-spacer\"><\/div>\n\n\n<div class=\"wp-block-image\">\n<figure class=\"alignright size-full is-resized\"><img loading=\"lazy\" decoding=\"async\" width=\"540\" height=\"762\" src=\"https:\/\/abanicos-valencianos.es\/wp-content\/uploads\/2024\/11\/image9.webp\" alt=\"\" class=\"wp-image-1140\" style=\"width:272px;height:auto\" srcset=\"https:\/\/abanicos-valencianos.es\/wp-content\/uploads\/2024\/11\/image9.webp 540w, https:\/\/abanicos-valencianos.es\/wp-content\/uploads\/2024\/11\/image9-213x300.webp 213w, https:\/\/abanicos-valencianos.es\/wp-content\/uploads\/2024\/11\/image9-450x635.webp 450w\" sizes=\"auto, (max-width: 540px) 100vw, 540px\" \/><\/figure>\n<\/div><\/div>\n\n\n\n<div class=\"wp-block-column is-layout-flow wp-block-column-is-layout-flow\" style=\"flex-basis:40%\">\n<div style=\"height:45px;width:0px\" aria-hidden=\"true\" class=\"wp-block-spacer\"><\/div>\n\n\n\n<h3 class=\"wp-block-heading has-text-align-left txt-34-400\"><strong>Le sceau de l&rsquo;AEA<\/strong><\/h3>\n\n\n\n<h4 class=\"wp-block-heading has-text-align-left\"><strong>\u00c9ventail espagnol artisanal, marque de la Guilde des Ma\u00eetres \u00c9ventaillistes de VLC. Garantie d&rsquo;excellence artisanale <\/strong><\/h4>\n\n\n\n<p class=\"has-text-align-left txt-18-300-30\">Le <strong>sceau AEA<\/strong> est une distinction d\u00e9cern\u00e9e par la <strong>Guilde des ma\u00eetres \u00e9ventaillistes de Valence, une<\/strong> association qui veille \u00e0 la pr\u00e9servation des techniques artisanales et \u00e0 la qualit\u00e9 des \u00e9ventails produits dans notre pays. L&rsquo;appartenance \u00e0 cette guilde nous accr\u00e9dite en tant qu&rsquo;<strong>atelier fiable<\/strong> et leader dans le <strong>secteur des \u00e9ventails fabriqu\u00e9s \u00e0 la main<\/strong>. Ce sceau garantit que chaque \u00e9ventail fabriqu\u00e9 chez <strong>Abanicos Mu\u00f1oz<\/strong> a \u00e9t\u00e9 r\u00e9alis\u00e9 selon les m\u00e9thodes traditionnelles transmises de g\u00e9n\u00e9ration en g\u00e9n\u00e9ration, dans le plus grand respect de l&rsquo;histoire et de la culture de cet art.  <\/p>\n\n\n\n<p class=\"has-text-align-left txt-18-300-30\">Seuls les \u00e9ventails soumis \u00e0 des contr\u00f4les stricts \u00e0 chaque \u00e9tape de leur cr\u00e9ation, depuis la s\u00e9lection des meilleurs bois jusqu&rsquo;\u00e0 la peinture \u00e0 la main, peuvent porter ce sceau. C&rsquo;est la garantie que nos produits sont authentiques et de la plus haute qualit\u00e9, fabriqu\u00e9s en Espagne par des artisans qui se consacrent enti\u00e8rement \u00e0 leur m\u00e9tier. <\/p>\n<\/div>\n\n\n\n<div class=\"wp-block-column is-layout-flow wp-block-column-is-layout-flow\" style=\"flex-basis:10%\"><\/div>\n<\/div>\n\n\n\n<div style=\"height:83px\" aria-hidden=\"true\" class=\"wp-block-spacer\"><\/div>\n<\/div><\/div>\n\n<div class=\"wp-block-group alignfull texto-black-about has-black-background-color has-background\"><div class=\"wp-block-group__inner-container is-layout-constrained wp-block-group-is-layout-constrained\">\n<div style=\"height:83px\" aria-hidden=\"true\" class=\"wp-block-spacer\"><\/div>\n\n\n\n<div class=\"wp-block-columns has-white-color has-black-background-color has-text-color has-background has-link-color wp-elements-2bed9460bbc6a0422a7d5d3e78cb8949 is-layout-flex wp-container-core-columns-is-layout-9d6595d7 wp-block-columns-is-layout-flex\">\n<div class=\"wp-block-column is-layout-flow wp-block-column-is-layout-flow\" style=\"flex-basis:50%\">\n<h2 class=\"wp-block-heading txt-44-400-52 has-white-color has-text-color has-link-color wp-elements-d5681544bbce92291cecd536d3b8b77c\">Mat\u00e9riaux et proc\u00e9d\u00e9s artisanaux<\/h2>\n\n\n\n<div style=\"height:50px\" aria-hidden=\"true\" class=\"wp-block-spacer\"><\/div>\n\n\n\n<p class=\"txt-18-300-30 has-white-color has-text-color has-link-color wp-elements-4b0147c2311ff3c2ce7a3012e235b650\">Chez <strong>Abanicos Mu\u00f1oz<\/strong>, le choix des mat\u00e9riaux est crucial. Nous travaillons exclusivement avec des <strong>bois contr\u00f4l\u00e9s<\/strong> tels que le <strong>bouleau, le bubinga, l&rsquo;acajou, le c\u00e8dre, l&rsquo;\u00e9b\u00e8ne, le kotib\u00e9 (tapir), l&rsquo;olivier, le palo santo, le palo rojo, le bananier, le sapelli, le samanguila, le sipo, le poirier, le pin jaune du sud (mobila), le zebrano<\/strong> ou le <strong>weng\u00e9<\/strong>. Ces bois ont \u00e9t\u00e9 s\u00e9lectionn\u00e9s pour leur durabilit\u00e9, leur flexibilit\u00e9 et leur beaut\u00e9 naturelle. Chaque tige est soigneusement travaill\u00e9e pour assurer une flexion douce et une structure solide, tout en pr\u00e9servant l&rsquo;\u00e9l\u00e9gance de chaque pi\u00e8ce.   <\/p>\n\n\n\n<p class=\"txt-18-300-30\">Le <strong>pays<\/strong> ou le tissu de nos \u00e9ventails est principalement du <strong>100 % coton<\/strong>, mais nous proposons \u00e9galement des <strong>soies naturelles<\/strong> et des tissus imprim\u00e9s pour ceux qui recherchent une personnalisation plus audacieuse sur des fabrications de plus grand volume.  <\/p>\n\n\n\n<p class=\"txt-18-300-30\">La peinture sur le pays est r\u00e9alis\u00e9e \u00e0 la main, ce qui conf\u00e8re \u00e0 chaque \u00e9ventail un caract\u00e8re unique et exclusif. La combinaison de ces mat\u00e9riaux de haute qualit\u00e9 et de notre savoir-faire nous permet d&rsquo;offrir des \u00e9ventails de luxe qui sont \u00e0 la fois fonctionnels et d\u00e9coratifs. <\/p>\n\n\n\n<p class=\"has-text-align-center txt-24-300-40\"><\/p>\n<\/div>\n\n\n\n<div class=\"wp-block-column is-layout-flow wp-block-column-is-layout-flow\" style=\"flex-basis:50%\">\n<figure class=\"wp-block-image size-large is-resized\"><img loading=\"lazy\" decoding=\"async\" width=\"1024\" height=\"1024\" src=\"https:\/\/abanicos-valencianos.es\/wp-content\/uploads\/2024\/11\/craftmancreatingtraditionalwoodfanhandpainted-1024x1024.webp\" alt=\"\" class=\"wp-image-1141\" style=\"width:584px;height:auto\" srcset=\"https:\/\/abanicos-valencianos.es\/wp-content\/uploads\/2024\/11\/craftmancreatingtraditionalwoodfanhandpainted-1024x1024.webp 1024w, https:\/\/abanicos-valencianos.es\/wp-content\/uploads\/2024\/11\/craftmancreatingtraditionalwoodfanhandpainted-300x300.webp 300w, https:\/\/abanicos-valencianos.es\/wp-content\/uploads\/2024\/11\/craftmancreatingtraditionalwoodfanhandpainted-150x150.webp 150w, https:\/\/abanicos-valencianos.es\/wp-content\/uploads\/2024\/11\/craftmancreatingtraditionalwoodfanhandpainted-768x768.webp 768w, https:\/\/abanicos-valencianos.es\/wp-content\/uploads\/2024\/11\/craftmancreatingtraditionalwoodfanhandpainted-450x450.webp 450w, https:\/\/abanicos-valencianos.es\/wp-content\/uploads\/2024\/11\/craftmancreatingtraditionalwoodfanhandpainted-1200x1200.webp 1200w, https:\/\/abanicos-valencianos.es\/wp-content\/uploads\/2024\/11\/craftmancreatingtraditionalwoodfanhandpainted-200x200.webp 200w, https:\/\/abanicos-valencianos.es\/wp-content\/uploads\/2024\/11\/craftmancreatingtraditionalwoodfanhandpainted.webp 1314w\" sizes=\"auto, (max-width: 1024px) 100vw, 1024px\" \/><\/figure>\n<\/div>\n<\/div>\n\n\n\n<div class=\"wp-block-columns has-white-color has-black-background-color has-text-color has-background has-link-color wp-elements-f1ce093c5ef001ede7d80e278537ec76 is-layout-flex wp-container-core-columns-is-layout-9d6595d7 wp-block-columns-is-layout-flex\">\n<div class=\"wp-block-column is-layout-flow wp-block-column-is-layout-flow\" style=\"flex-basis:50%\">\n<figure class=\"wp-block-image size-large is-resized\"><img loading=\"lazy\" decoding=\"async\" width=\"1024\" height=\"1024\" src=\"https:\/\/abanicos-valencianos.es\/wp-content\/uploads\/2024\/11\/craftmanmakingatraditionalwoodfanhandpainted-1024x1024.webp\" alt=\"\" class=\"wp-image-1142\" style=\"width:489px;height:auto\" srcset=\"https:\/\/abanicos-valencianos.es\/wp-content\/uploads\/2024\/11\/craftmanmakingatraditionalwoodfanhandpainted-1024x1024.webp 1024w, https:\/\/abanicos-valencianos.es\/wp-content\/uploads\/2024\/11\/craftmanmakingatraditionalwoodfanhandpainted-300x300.webp 300w, https:\/\/abanicos-valencianos.es\/wp-content\/uploads\/2024\/11\/craftmanmakingatraditionalwoodfanhandpainted-150x150.webp 150w, https:\/\/abanicos-valencianos.es\/wp-content\/uploads\/2024\/11\/craftmanmakingatraditionalwoodfanhandpainted-768x768.webp 768w, https:\/\/abanicos-valencianos.es\/wp-content\/uploads\/2024\/11\/craftmanmakingatraditionalwoodfanhandpainted-450x450.webp 450w, https:\/\/abanicos-valencianos.es\/wp-content\/uploads\/2024\/11\/craftmanmakingatraditionalwoodfanhandpainted-200x200.webp 200w, https:\/\/abanicos-valencianos.es\/wp-content\/uploads\/2024\/11\/craftmanmakingatraditionalwoodfanhandpainted.webp 1188w\" sizes=\"auto, (max-width: 1024px) 100vw, 1024px\" \/><\/figure>\n<\/div>\n\n\n\n<div class=\"wp-block-column is-layout-flow wp-block-column-is-layout-flow\" style=\"flex-basis:50%\">\n<h2 class=\"wp-block-heading txt-44-400-52\">Personnalisation et exclusivit\u00e9<\/h2>\n\n\n\n<div style=\"height:50px\" aria-hidden=\"true\" class=\"wp-block-spacer\"><\/div>\n\n\n\n<p class=\"txt-18-300-30\">Notre engagement en faveur de la qualit\u00e9 s&rsquo;\u00e9tend \u00e9galement \u00e0 la personnalisation. Chez <strong>Abanicos Mu\u00f1oz<\/strong>, nous savons que chaque client est unique. C&rsquo;est pourquoi nous offrons la possibilit\u00e9 de personnaliser chaque d\u00e9tail de l&rsquo;\u00e9ventail : depuis le design et les couleurs jusqu&rsquo;\u00e0 l&rsquo;incorporation d&rsquo;initiales, de logos ou de gravures sp\u00e9ciales. Cette flexibilit\u00e9 est id\u00e9ale pour les \u00e9v\u00e9nements, les mariages ou les cadeaux d&rsquo;entreprise, o\u00f9 l&rsquo;exclusivit\u00e9 et la distinction sont essentielles.  <\/p>\n\n\n\n<p class=\"txt-18-300-30\">Chaque \u00e9ventail personnalis\u00e9 suit le m\u00eame processus rigoureux de fabrication \u00e0 la main et subit les m\u00eames contr\u00f4les de qualit\u00e9, ce qui garantit que, bien que le design soit unique, l&rsquo;excellence reste constante.<\/p>\n\n\n\n<p class=\"has-text-align-center txt-24-300-40\"><\/p>\n<\/div>\n<\/div>\n\n\n\n<div class=\"wp-block-columns has-white-color has-black-background-color has-text-color has-background has-link-color wp-elements-dd99eb7084581a66ff535a90b34eb9bc is-layout-flex wp-container-core-columns-is-layout-9d6595d7 wp-block-columns-is-layout-flex\">\n<div class=\"wp-block-column is-layout-flow wp-block-column-is-layout-flow\" style=\"flex-basis:50%\">\n<h2 class=\"wp-block-heading txt-44-400-52\">Engagement en faveur de la durabilit\u00e9<\/h2>\n\n\n\n<div style=\"height:50px\" aria-hidden=\"true\" class=\"wp-block-spacer\"><\/div>\n\n\n\n<p class=\"txt-18-300-30\">Nos \u00e9ventails ne sont pas seulement beaux, ils sont aussi con\u00e7us pour durer. Chaque pi\u00e8ce qui sort de notre atelier est con\u00e7ue pour r\u00e9sister \u00e0 un usage quotidien, sans perdre son \u00e9l\u00e9gance ni sa fonctionnalit\u00e9. Gr\u00e2ce aux mat\u00e9riaux de haute qualit\u00e9 et au processus de fabrication artisanale, les \u00e9ventails <strong>Abanicos Mu\u00f1oz<\/strong> conservent leur structure et leur aspect impeccable au fil des ans. Cet engagement en faveur de la <strong>durabilit\u00e9<\/strong> est l&rsquo;une des raisons pour lesquelles tant de clients nous font confiance pour des \u00e9v\u00e8nements sp\u00e9ciaux et des collections priv\u00e9es. Un \u00e9ventail <strong>Mu\u00f1oz<\/strong> n&rsquo;est pas seulement un accessoire, c&rsquo;est un investissement dans la qualit\u00e9, le style et la tradition.   <\/p>\n<\/div>\n\n\n\n<div class=\"wp-block-column is-layout-flow wp-block-column-is-layout-flow\" style=\"flex-basis:50%\">\n<figure class=\"wp-block-image size-large\"><img loading=\"lazy\" decoding=\"async\" width=\"1344\" height=\"1008\" src=\"https:\/\/abanicos-valencianos.es\/wp-content\/uploads\/2024\/11\/tradictionalwoodfanhandpainted-edited.webp\" alt=\"\" class=\"wp-image-1214\" srcset=\"https:\/\/abanicos-valencianos.es\/wp-content\/uploads\/2024\/11\/tradictionalwoodfanhandpainted-edited.webp 1344w, https:\/\/abanicos-valencianos.es\/wp-content\/uploads\/2024\/11\/tradictionalwoodfanhandpainted-edited-300x225.webp 300w, https:\/\/abanicos-valencianos.es\/wp-content\/uploads\/2024\/11\/tradictionalwoodfanhandpainted-edited-1024x768.webp 1024w, https:\/\/abanicos-valencianos.es\/wp-content\/uploads\/2024\/11\/tradictionalwoodfanhandpainted-edited-768x576.webp 768w, https:\/\/abanicos-valencianos.es\/wp-content\/uploads\/2024\/11\/tradictionalwoodfanhandpainted-edited-450x338.webp 450w, https:\/\/abanicos-valencianos.es\/wp-content\/uploads\/2024\/11\/tradictionalwoodfanhandpainted-edited-1200x900.webp 1200w\" sizes=\"auto, (max-width: 1344px) 100vw, 1344px\" \/><\/figure>\n<\/div>\n<\/div>\n\n\n\n<div style=\"height:60px\" aria-hidden=\"true\" class=\"wp-block-spacer\"><\/div>\n<\/div><\/div>\n\n<div style=\"height:120px\" aria-hidden=\"true\" class=\"wp-block-spacer\"><\/div>\n\n<div class=\"wp-block-group\"><div class=\"wp-block-group__inner-container is-layout-constrained wp-block-group-is-layout-constrained\">\n<h2 class=\"wp-block-heading has-text-align-center txt-44-400-52\">Abanicos Mu\u00f1oz : une r\u00e9f\u00e9rence dans le monde des \u00e9ventails.<\/h2>\n\n\n\n<div style=\"height:40px\" aria-hidden=\"true\" class=\"wp-block-spacer\"><\/div>\n\n\n\n<p class=\"has-text-align-center txt-18-300-30\">Chez <strong>Abanicos Mu\u00f1oz<\/strong>, nous ne nous contentons pas de cr\u00e9er des \u00e9ventails, mais nous perp\u00e9tuons une tradition qui fait partie de l&rsquo;identit\u00e9 culturelle de l&rsquo;Espagne. Notre passion pour le d\u00e9tail, notre respect des techniques ancestrales et notre recherche constante de la perfection nous ont permis de nous imposer comme une autorit\u00e9 dans le monde des \u00e9ventails faits main. Avec le <strong>sceau de l&rsquo;AEA<\/strong> et un engagement de qualit\u00e9 in\u00e9branlable, nous continuons \u00e0 \u00eatre une r\u00e9f\u00e9rence pour ceux qui recherchent une pi\u00e8ce unique, \u00e9l\u00e9gante et authentique.  <br\/><\/p>\n<\/div><\/div>\n\n<div class=\"wp-block-group alignfull cta-catalogo\"><div class=\"wp-block-group__inner-container is-layout-constrained wp-block-group-is-layout-constrained\">\n<div style=\"height:60px\" aria-hidden=\"true\" class=\"wp-block-spacer space-160\"><\/div>\n\n\n\n<div class=\"wp-block-columns is-layout-flex wp-container-core-columns-is-layout-9d6595d7 wp-block-columns-is-layout-flex\">\n<div class=\"wp-block-column is-vertically-aligned-center is-layout-flow wp-block-column-is-layout-flow\" style=\"flex-basis:60%\">\n<p class=\"has-text-align-left txt-44-300-51\">Personnalisation et excellence dans nos \u00e9ventails peints \u00e0 la main par des ma\u00eetres artisans.<\/p>\n<\/div>\n\n\n\n<div class=\"wp-block-column is-vertically-aligned-center is-layout-flow wp-block-column-is-layout-flow\">\n<p class=\"has-text-align-center underline-link txt-18-700-36\"><a href=\"https:\/\/abanicos-valencianos.es\/fr\/contact\/\" data-type=\"page\" data-id=\"497\">Demande d&rsquo;information<\/a><\/p>\n<\/div>\n<\/div>\n\n\n\n<div style=\"height:100px\" aria-hidden=\"true\" class=\"wp-block-spacer space-100\"><\/div>\n<\/div><\/div>\n","protected":false},"excerpt":{"rendered":"<p>Abanicos Mu\u00f1oz \/ A propos de nous Les \u00e9ventails de Mu\u00f1oz Chez Abanicos Mu\u00f1oz, nous sommes une r\u00e9f\u00e9rence dans l&rsquo;art de fabriquer des \u00e9ventails \u00e0 la main. Depuis plusieurs g\u00e9n\u00e9rations, notre mission est de pr\u00e9server et de promouvoir une tradition qui allie l&rsquo;art et la fonctionnalit\u00e9, en maintenant vivant le savoir ancestral transmis par des<a href=\"https:\/\/abanicos-valencianos.es\/fr\/a-propos-de-nous-abanicos-munoz\/\">Continue reading <span class=\"sr-only\">\u00ab\u00a0\u00c0 propos de nous &#8211; Abanicos Mu\u00f1oz\u00a0\u00bb<\/span><\/a><\/p>\n","protected":false},"author":1,"featured_media":0,"parent":0,"menu_order":0,"comment_status":"closed","ping_status":"closed","template":"","meta":{"orb_breadcrumbs":false,"orb_hide_title":false,"orb_hide_header":false,"orb_hide_footer":false,"orb_trans":false,"orb_trans_mob":false,"orb_alternative":false,"orb_topbar_width":"","orb_main_width":"","orb_secondary_width":"","orb_content_width":"","orb_topfooter_width":"","orb_prefooter_width":"","orb_footer_width":"","orb_page_classes":"","hero_id":"","footnotes":""},"class_list":["post-1937","page","type-page","status-publish","hentry"],"_links":{"self":[{"href":"https:\/\/abanicos-valencianos.es\/fr\/wp-json\/wp\/v2\/pages\/1937","targetHints":{"allow":["GET"]}}],"collection":[{"href":"https:\/\/abanicos-valencianos.es\/fr\/wp-json\/wp\/v2\/pages"}],"about":[{"href":"https:\/\/abanicos-valencianos.es\/fr\/wp-json\/wp\/v2\/types\/page"}],"author":[{"embeddable":true,"href":"https:\/\/abanicos-valencianos.es\/fr\/wp-json\/wp\/v2\/users\/1"}],"replies":[{"embeddable":true,"href":"https:\/\/abanicos-valencianos.es\/fr\/wp-json\/wp\/v2\/comments?post=1937"}],"version-history":[{"count":0,"href":"https:\/\/abanicos-valencianos.es\/fr\/wp-json\/wp\/v2\/pages\/1937\/revisions"}],"wp:attachment":[{"href":"https:\/\/abanicos-valencianos.es\/fr\/wp-json\/wp\/v2\/media?parent=1937"}],"curies":[{"name":"wp","href":"https:\/\/api.w.org\/{rel}","templated":true}]}}