{"id":1859,"date":"2024-08-22T23:48:54","date_gmt":"2024-08-22T21:48:54","guid":{"rendered":"https:\/\/abanicos-valencianos.es\/grossistes\/"},"modified":"2025-05-15T12:47:33","modified_gmt":"2025-05-15T10:47:33","slug":"grossistes","status":"publish","type":"page","link":"https:\/\/abanicos-valencianos.es\/fr\/grossistes\/","title":{"rendered":"Grossistes"},"content":{"rendered":"\n<div class=\"wp-block-group\"><div class=\"wp-block-group__inner-container is-layout-constrained wp-block-group-is-layout-constrained\">\n<div class=\"wp-block-columns bloque-contacta mt150 mb150 is-layout-flex wp-container-core-columns-is-layout-9d6595d7 wp-block-columns-is-layout-flex\">\n<div class=\"wp-block-column col-contacto is-layout-flow wp-block-column-is-layout-flow\">\n<h1 class=\"wp-block-heading txt-32-700-up\">Contactez nous<\/h1>\n\n\n\n<div style=\"height:25px\" aria-hidden=\"true\" class=\"wp-block-spacer space-25\"><\/div>\n\n\n\n<p class=\"txt-18-300-30\">N&rsquo;h\u00e9sitez pas \u00e0 nous contacter. Faites-nous part de vos besoins et nous trouverons ensemble la meilleure approche pour votre entreprise en termes de vente d&rsquo;\u00e9ventails en gros. <\/p>\n\n\n\n<div style=\"height:50px\" aria-hidden=\"true\" class=\"wp-block-spacer space-50\"><\/div>\n<\/div>\n\n\n\n<div class=\"wp-block-column is-layout-flow wp-block-column-is-layout-flow\" style=\"flex-basis:55%\">\n<div class=\"wp-block-contact-form-7-contact-form-selector\">\n<div class=\"wpcf7 no-js\" id=\"wpcf7-f1891-o1\" lang=\"fr-FR\" dir=\"ltr\" data-wpcf7-id=\"1891\">\n<div class=\"screen-reader-response\"><p role=\"status\" aria-live=\"polite\" aria-atomic=\"true\"><\/p> <ul><\/ul><\/div>\n<form action=\"\/fr\/wp-json\/wp\/v2\/pages\/1859#wpcf7-f1891-o1\" method=\"post\" class=\"wpcf7-form init\" aria-label=\"Formulaire de contact\" novalidate=\"novalidate\" data-status=\"init\">\n<fieldset class=\"hidden-fields-container\"><input type=\"hidden\" name=\"_wpcf7\" value=\"1891\" \/><input type=\"hidden\" name=\"_wpcf7_version\" value=\"6.1.4\" \/><input type=\"hidden\" name=\"_wpcf7_locale\" value=\"fr_FR\" \/><input type=\"hidden\" name=\"_wpcf7_unit_tag\" value=\"wpcf7-f1891-o1\" \/><input type=\"hidden\" name=\"_wpcf7_container_post\" value=\"0\" \/><input type=\"hidden\" name=\"_wpcf7_posted_data_hash\" value=\"\" \/>\n<\/fieldset>\n<div class=\"columns\">\n\t<div class=\"column\">\n\t\t<p><label> Nom <span class=\"wpcf7-form-control-wrap\" data-name=\"your-name\"><input size=\"40\" maxlength=\"400\" class=\"wpcf7-form-control wpcf7-text\" autocomplete=\"name\" aria-invalid=\"false\" placeholder=\"Inscrivez votre nom ici\" value=\"\" type=\"text\" name=\"your-name\" \/><\/span> <\/label><br \/>\n<label> Courriel <span class=\"wpcf7-form-control-wrap\" data-name=\"your-email\"><input size=\"40\" maxlength=\"400\" class=\"wpcf7-form-control wpcf7-email wpcf7-text wpcf7-validates-as-email\" autocomplete=\"email\" aria-invalid=\"false\" placeholder=\"par exemple info@mail.com\" value=\"\" type=\"email\" name=\"your-email\" \/><\/span> <\/label><br \/>\n<label> Entreprise <span class=\"wpcf7-form-control-wrap\" data-name=\"your-company\"><input size=\"40\" maxlength=\"400\" class=\"wpcf7-form-control wpcf7-text\" aria-invalid=\"false\" placeholder=\"A quelles entreprises appartenez-vous ?\" value=\"\" type=\"text\" name=\"your-company\" \/><\/span> <\/label>\n\t\t<\/p>\n\t<\/div>\n\t<div class=\"column\">\n\t\t<p><label> Nom de famille <span class=\"wpcf7-form-control-wrap\" data-name=\"your-apellido\"><input size=\"40\" maxlength=\"400\" class=\"wpcf7-form-control wpcf7-text\" aria-invalid=\"false\" placeholder=\"Inscrivez votre nom de famille ici\" value=\"\" type=\"text\" name=\"your-apellido\" \/><\/span> <\/label><br \/>\n<label> T\u00e9l\u00e9phone <span class=\"wpcf7-form-control-wrap\" data-name=\"your-tel\"><input size=\"40\" maxlength=\"400\" class=\"wpcf7-form-control wpcf7-tel wpcf7-text wpcf7-validates-as-tel\" aria-invalid=\"false\" placeholder=\"par exemple : 654 321 000\" value=\"\" type=\"tel\" name=\"your-tel\" \/><\/span> <\/label><br \/>\n<label> Quantit\u00e9 <span class=\"wpcf7-form-control-wrap\" data-name=\"your-qty\"><input class=\"wpcf7-form-control wpcf7-number wpcf7-validates-as-number\" aria-invalid=\"false\" placeholder=\"Indique la quantit\u00e9\" value=\"\" type=\"number\" name=\"your-qty\" \/><\/span> <\/label>\n\t\t<\/p>\n\t<\/div>\n<\/div>\n<div class=\"columns\">\n\t<div class=\"column\">\n\t\t<p><label> Message <span class=\"wpcf7-form-control-wrap\" data-name=\"your-message\"><textarea cols=\"50\" rows=\"5\" maxlength=\"2000\" class=\"wpcf7-form-control wpcf7-textarea\" aria-invalid=\"false\" placeholder=\"Ecrivez votre message ici\" name=\"your-message\"><\/textarea><\/span> <\/label>\n\t\t<\/p>\n\t<\/div>\n<\/div>\n<div class=\"presupuesto-checkbox\">\n\t<p><label><span class=\"wpcf7-form-control-wrap\" data-name=\"acceptance-830\"><span class=\"wpcf7-form-control wpcf7-acceptance\"><span class=\"wpcf7-list-item\"><input type=\"checkbox\" name=\"acceptance-830\" value=\"1\" aria-invalid=\"false\" \/><\/span><\/span><\/span> J'accepte la politique de confidentialit\u00e9 <\/label><label><span class=\"wpcf7-form-control-wrap\" data-name=\"acceptance-831\"><span class=\"wpcf7-form-control wpcf7-acceptance optional\"><span class=\"wpcf7-list-item\"><input type=\"checkbox\" name=\"acceptance-831\" value=\"1\" aria-invalid=\"false\" \/><\/span><\/span><\/span> J'accepte de recevoir des informations commerciales <\/label>\n\t<\/p>\n<\/div>\n<p><input class=\"wpcf7-form-control wpcf7-submit has-spinner\" type=\"submit\" value=\"Envoyer\" \/>\n<\/p><div class=\"wpcf7-response-output\" aria-hidden=\"true\"><\/div>\n<\/form>\n<\/div>\n<\/div>\n<\/div>\n<\/div>\n<\/div><\/div>\n\n<div class=\"wp-block-group valores-home\"><div class=\"wp-block-group__inner-container is-layout-constrained wp-block-group-is-layout-constrained\">\n<p class=\"has-text-align-center txt-14-500-36 uppercase\">Voici quelques-unes de nos cat\u00e9gories<\/p>\n\n\n\n<h2 class=\"wp-block-heading has-text-align-center txt-44-400-52\">Nous disposons d&rsquo;une large gamme d&rsquo;\u00e9ventails pour la vente en gros.<\/h2>\n\n\n\n<div style=\"height:50px\" aria-hidden=\"true\" class=\"wp-block-spacer\"><\/div>\n\n\n\n<div class=\"wp-block-columns alignwide col-bodas no-gap no-padding is-layout-flex wp-container-core-columns-is-layout-9d6595d7 wp-block-columns-is-layout-flex\">\n<div class=\"wp-block-column is-vertically-aligned-center valores-col-text is-layout-flow wp-block-column-is-layout-flow\">\n<h3 class=\"wp-block-heading txt-48-400\">Eventails de mariage en gros<\/h3>\n\n\n\n<p class=\"txt-24-300-40\">Des \u00e9ventails pour les mari\u00e9es, les demoiselles d&rsquo;honneur ou les cadeaux de mariage.<\/p>\n\n\n\n<p class=\"underline-link txt-18-500-36\"><a href=\"https:\/\/abanicos-valencianos.es\/fr\/catalogue\/les-fans-de-mariage\/\" data-type=\"page\" data-id=\"649\">Voir le catalogue des \u00e9ventails de mariage<\/a><\/p>\n<\/div>\n\n\n\n<div class=\"wp-block-column col-img is-layout-flow wp-block-column-is-layout-flow\"><\/div>\n<\/div>\n\n\n\n<div class=\"wp-block-columns alignwide col-personal no-gap no-padding is-layout-flex wp-container-core-columns-is-layout-9d6595d7 wp-block-columns-is-layout-flex\">\n<div class=\"wp-block-column col-img is-layout-flow wp-block-column-is-layout-flow\"><\/div>\n\n\n\n<div class=\"wp-block-column is-vertically-aligned-center valores-col-text is-layout-flow wp-block-column-is-layout-flow\">\n<h3 class=\"wp-block-heading txt-48-400\">Vente en gros d&rsquo;\u00e9ventails personnalis\u00e9s<\/h3>\n\n\n\n<p class=\"txt-24-300-40\">Des mod\u00e8les uniques et exclusifs pour votre boutique. Diff\u00e9renciez-vous des autres avec un \u00e9ventail original. <\/p>\n<\/div>\n<\/div>\n\n\n\n<div class=\"wp-block-columns alignwide col-madera no-gap no-padding is-layout-flex wp-container-core-columns-is-layout-9d6595d7 wp-block-columns-is-layout-flex\">\n<div class=\"wp-block-column is-vertically-aligned-center valores-col-text is-layout-flow wp-block-column-is-layout-flow\">\n<h3 class=\"wp-block-heading txt-48-400\">Vente en gros d&rsquo;\u00e9ventails en bois<\/h3>\n\n\n\n<p class=\"txt-24-300-40\">Structure enti\u00e8rement en bois naturel.<\/p>\n<\/div>\n\n\n\n<div class=\"wp-block-column col-img is-layout-flow wp-block-column-is-layout-flow\"><\/div>\n<\/div>\n\n\n\n<div class=\"wp-block-columns alignwide col-mujer no-gap no-padding is-layout-flex wp-container-core-columns-is-layout-9d6595d7 wp-block-columns-is-layout-flex\">\n<div class=\"wp-block-column col-img is-layout-flow wp-block-column-is-layout-flow\"><\/div>\n\n\n\n<div class=\"wp-block-column is-vertically-aligned-center valores-col-text is-layout-flow wp-block-column-is-layout-flow\">\n<h3 class=\"wp-block-heading txt-48-400\">\u00c9ventails pour femmes en gros<\/h3>\n\n\n\n<p class=\"txt-24-300-40\">L&rsquo;accessoire de votre boutique de mode qui lui donnera une touche unique.<\/p>\n<\/div>\n<\/div>\n\n\n\n<div class=\"wp-block-columns alignwide col-caballero no-gap no-padding is-layout-flex wp-container-core-columns-is-layout-9d6595d7 wp-block-columns-is-layout-flex\">\n<div class=\"wp-block-column is-vertically-aligned-center valores-col-text is-layout-flow wp-block-column-is-layout-flow\">\n<h3 class=\"wp-block-heading txt-48-400\">Vente en gros d&rsquo;\u00e9ventails pour hommes<\/h3>\n\n\n\n<p class=\"txt-24-300-40\">Car ils sont de plus en plus nombreux \u00e0 vouloir profiter de l&rsquo;\u00e9l\u00e9gance et de l&rsquo;air frais d&rsquo;un \u00e9ventail<\/p>\n<\/div>\n\n\n\n<div class=\"wp-block-column col-img is-layout-flow wp-block-column-is-layout-flow\"><\/div>\n<\/div>\n\n\n\n<div class=\"wp-block-columns alignwide col-pericones no-gap no-padding is-layout-flex wp-container-core-columns-is-layout-9d6595d7 wp-block-columns-is-layout-flex\">\n<div class=\"wp-block-column col-img is-layout-flow wp-block-column-is-layout-flow\"><\/div>\n\n\n\n<div class=\"wp-block-column is-vertically-aligned-center valores-col-text is-layout-flow wp-block-column-is-layout-flow\">\n<h3 class=\"wp-block-heading txt-48-400\">\u00c9ventails Pericon en gros<\/h3>\n\n\n\n<p class=\"txt-24-300-40\">\u00c9ventails en grandes dimensions pour l&rsquo;utilisation ou la d\u00e9coration et la vente en gros.<\/p>\n\n\n\n<p class=\"underline-link txt-18-500-36\"><a href=\"https:\/\/abanicos-valencianos.es\/fr\/catalogue\/\" data-type=\"page\" data-id=\"303\">Voir le catalogue<\/a><\/p>\n<\/div>\n<\/div>\n\n\n\n<div class=\"wp-block-columns alignwide col-encaje no-gap no-padding is-layout-flex wp-container-core-columns-is-layout-9d6595d7 wp-block-columns-is-layout-flex\">\n<div class=\"wp-block-column is-vertically-aligned-center valores-col-text is-layout-flow wp-block-column-is-layout-flow\">\n<h3 class=\"wp-block-heading txt-48-400\">Vente en gros d&rsquo;\u00e9ventails en dentelle<\/h3>\n\n\n\n<p class=\"txt-24-300-40\">\u00c9ventails de gros avec dentelle de qualit\u00e9 pour un caract\u00e8re plus distingu\u00e9.<\/p>\n<\/div>\n\n\n\n<div class=\"wp-block-column col-img is-layout-flow wp-block-column-is-layout-flow\"><\/div>\n<\/div>\n\n\n\n<div class=\"wp-block-columns alignwide col-lisos no-gap no-padding is-layout-flex wp-container-core-columns-is-layout-9d6595d7 wp-block-columns-is-layout-flex\">\n<div class=\"wp-block-column col-img is-layout-flow wp-block-column-is-layout-flow\"><\/div>\n\n\n\n<div class=\"wp-block-column is-vertically-aligned-center valores-col-text is-layout-flow wp-block-column-is-layout-flow\">\n<h3 class=\"wp-block-heading txt-48-400\">Vente en gros d&rsquo;\u00e9ventails unis<\/h3>\n\n\n\n<p class=\"txt-24-300-40\">Pour vous qui recherchez le minimalisme ou qui souhaitez d\u00e9corer vous-m\u00eame vos \u00e9ventails.<\/p>\n\n\n\n<p class=\"underline-link txt-18-500-36\"><a href=\"https:\/\/abanicos-valencianos.es\/fr\/catalogue\/\" data-type=\"page\" data-id=\"303\">Voir le catalogue<\/a><\/p>\n<\/div>\n<\/div>\n\n\n\n<div class=\"wp-block-columns alignwide col-fundas no-gap no-padding is-layout-flex wp-container-core-columns-is-layout-9d6595d7 wp-block-columns-is-layout-flex\">\n<div class=\"wp-block-column is-vertically-aligned-center valores-col-text is-layout-flow wp-block-column-is-layout-flow\">\n<h3 class=\"wp-block-heading txt-48-400\">Vente en gros de housses d&rsquo;\u00e9ventails<\/h3>\n\n\n\n<p class=\"txt-24-300-40\">N&rsquo;oubliez pas la touche exclusive de votre \u00e9ventail \u00e0 laquelle personne ne peut r\u00e9sister. Des housses en cuir, dans diff\u00e9rentes finitions et avec la possibilit\u00e9 d&rsquo;incorporer votre marque. <\/p>\n<\/div>\n\n\n\n<div class=\"wp-block-column col-img is-layout-flow wp-block-column-is-layout-flow\"><\/div>\n<\/div>\n<\/div><\/div>\n","protected":false},"excerpt":{"rendered":"<p>Contactez nous N&rsquo;h\u00e9sitez pas \u00e0 nous contacter. Faites-nous part de vos besoins et nous trouverons ensemble la meilleure approche pour votre entreprise en termes de vente d&rsquo;\u00e9ventails en gros. Voici quelques-unes de nos cat\u00e9gories Nous disposons d&rsquo;une large gamme d&rsquo;\u00e9ventails pour la vente en gros. Eventails de mariage en gros Des \u00e9ventails pour les mari\u00e9es,<a href=\"https:\/\/abanicos-valencianos.es\/fr\/grossistes\/\">Continue reading <span class=\"sr-only\">\u00ab\u00a0Grossistes\u00a0\u00bb<\/span><\/a><\/p>\n","protected":false},"author":1,"featured_media":0,"parent":0,"menu_order":0,"comment_status":"closed","ping_status":"closed","template":"","meta":{"orb_breadcrumbs":false,"orb_hide_title":false,"orb_hide_header":false,"orb_hide_footer":false,"orb_trans":false,"orb_trans_mob":false,"orb_alternative":false,"orb_topbar_width":"","orb_main_width":"","orb_secondary_width":"","orb_content_width":"","orb_topfooter_width":"","orb_prefooter_width":"","orb_footer_width":"","orb_page_classes":"","hero_id":"","footnotes":""},"class_list":["post-1859","page","type-page","status-publish","hentry"],"_links":{"self":[{"href":"https:\/\/abanicos-valencianos.es\/fr\/wp-json\/wp\/v2\/pages\/1859","targetHints":{"allow":["GET"]}}],"collection":[{"href":"https:\/\/abanicos-valencianos.es\/fr\/wp-json\/wp\/v2\/pages"}],"about":[{"href":"https:\/\/abanicos-valencianos.es\/fr\/wp-json\/wp\/v2\/types\/page"}],"author":[{"embeddable":true,"href":"https:\/\/abanicos-valencianos.es\/fr\/wp-json\/wp\/v2\/users\/1"}],"replies":[{"embeddable":true,"href":"https:\/\/abanicos-valencianos.es\/fr\/wp-json\/wp\/v2\/comments?post=1859"}],"version-history":[{"count":0,"href":"https:\/\/abanicos-valencianos.es\/fr\/wp-json\/wp\/v2\/pages\/1859\/revisions"}],"wp:attachment":[{"href":"https:\/\/abanicos-valencianos.es\/fr\/wp-json\/wp\/v2\/media?parent=1859"}],"curies":[{"name":"wp","href":"https:\/\/api.w.org\/{rel}","templated":true}]}}