{"id":1821,"date":"2024-09-20T11:29:52","date_gmt":"2024-09-20T09:29:52","guid":{"rendered":"https:\/\/abanicos-valencianos.es\/les-fans-de-religion\/"},"modified":"2025-06-13T11:39:09","modified_gmt":"2025-06-13T09:39:09","slug":"les-fans-de-religion","status":"publish","type":"page","link":"https:\/\/abanicos-valencianos.es\/fr\/catalogue\/les-fans-de-religion\/","title":{"rendered":"Les \u00e9ventails religieux"},"content":{"rendered":"\n<div class=\"wp-block-group\"><div class=\"wp-block-group__inner-container is-layout-constrained wp-block-group-is-layout-constrained\">\n<div style=\"height:50px\" aria-hidden=\"true\" class=\"wp-block-spacer space-50\"><\/div>\n\n\n\n<p class=\"has-text-align-center txt-12-300-30\"><a href=\"https:\/\/abanicos-valencianos.es\/fr\/\" data-type=\"page\" data-id=\"223\">Abanicos Mu\u00f1oz<\/a> \/ <a href=\"https:\/\/abanicos-valencianos.es\/fr\/catalogue\/\" data-type=\"page\" data-id=\"303\">Catalogue <\/a>\/ \u00c9ventails<strong> pour hommes<\/strong><\/p>\n\n\n\n<div style=\"height:50px\" aria-hidden=\"true\" class=\"wp-block-spacer space-50\"><\/div>\n\n\n\n<h1 class=\"wp-block-heading has-text-align-center txt-32-700-up\">Les \u00e9ventails religieux<\/h1>\n\n\n\n<div style=\"height:100px\" aria-hidden=\"true\" class=\"wp-block-spacer space-100\"><\/div>\n\n\n\n<div class=\"wp-block-columns is-layout-flex wp-container-core-columns-is-layout-9d6595d7 wp-block-columns-is-layout-flex\">\n<div class=\"wp-block-column is-vertically-aligned-center texto-cat-inicio is-layout-flow wp-block-column-is-layout-flow\" style=\"flex-basis:33.33%\">\n<p class=\"txt-24-400-30\">Les ma\u00eetres artisans travaillent avec soin pour vous offrir une touche de distinction et de style dans votre vie quotidienne.<\/p>\n<\/div>\n\n\n\n<div class=\"wp-block-column is-layout-flow wp-block-column-is-layout-flow\" style=\"flex-basis:66.66%\">\n<p class=\"txt-18-300-30\">Chez <strong>Abanicos Mu\u00f1oz<\/strong>, nous avons des <strong>\u00e9ventails religieux fabriqu\u00e9s \u00e0 la main<\/strong> \u00e0 Valence (Espagne).<\/p>\n\n\n\n<p>Le d\u00e9vouement dans le processus de fabrication transforme chaque \u00e9ventail en une pi\u00e8ce au design unique qui allie l&rsquo;<strong>art, la tradition et la d\u00e9votion<\/strong>.<\/p>\n\n\n\n<p class=\"txt-16-300-25\">Les mat\u00e9riaux utilis\u00e9s, tels que les <strong>bois nobles et les tissus<\/strong>, sont de grande qualit\u00e9, ce qui garantit la perfection des d\u00e9tails et des <strong>finitions<\/strong>. En outre, les techniques de peinture utilis\u00e9es permettent aux couleurs de <strong>conserver leur \u00e9clat<\/strong> plus longtemps et de capturer les \u00e9motions des <strong>images religieuses.<\/strong> <\/p>\n<\/div>\n<\/div>\n\n\n\n<div style=\"height:125px\" aria-hidden=\"true\" class=\"wp-block-spacer space-125\"><\/div>\n<\/div><\/div>\n\n<div class=\"wp-block-group alignfull filtro-catalogo\"><div class=\"wp-block-group__inner-container is-layout-constrained wp-block-group-is-layout-constrained\">\n<div class=\"estilo-filtro\">\n<p>Tous les fans<\/p>\n<select name=\"choice\" id=\"abanicoSelect\" onchange=\"redirectPage()\">\n  <option value=\"abanicos-de-fallera\">Les fans de Fallera<\/option>\n  <option value=\"abanicos-para-boda\">Les fans de mariage<\/option>\n  <option value=\"abanicos-con-flores\">\u00c9ventails \u00e0 motifs floraux<\/option>\n  <option value=\"abanicos-con-doble-tela\">Double \u00e9ventails en tissu<\/option>\n  <option value=\"abanicos-de-colores\">\u00c9ventails color\u00e9s<\/option>\n  <option value=\"abanicos-de-madera\">\u00c9ventails en bois<\/option>\n  <option value=\"abanicos-modernos\">\u00c9ventails \u00e0 motifs modernes<\/option>\n  <option value=\"abanicos-de-cuadros\">Les \u00e9ventails de tableau c\u00e9l\u00e8bres<\/option>\n  <option value=\"abanicos-religiosos\">\u00c9ventails \u00e0 motifs religieux<\/option>\n  <option value=\"abanicos-para-hombre\">\u00c9ventails pour hommes<\/option>\n  <option value=\"abanicos-personalizados\">\u00c9ventails personnalis\u00e9s<\/option>\n<\/select>\n<script>\n  document.addEventListener(\"DOMContentLoaded\", function() {\n    \/\/ Obtener la \u00faltima parte de la URL\n    let currentUrl = window.location.pathname;\n    \n    \/\/ Asegurarse de eliminar cualquier \"\/\" al final\n    if (currentUrl.endsWith('\/')) {\n      currentUrl = currentUrl.slice(0, -1);\n    }\n    \n    \/\/ Extraer solo la \u00faltima parte de la URL\n    currentUrl = currentUrl.split(\"\/\").pop();\n    \n    const select = document.getElementById('abanicoSelect');\n    \n    \/\/ Compara el valor del \u00faltimo segmento de la URL con los valores del select\n    for (let i = 0; i < select.options.length; i++) {\n      if (select.options[i].value === currentUrl) {\n        select.selectedIndex = i;\n        break;\n      }\n    }\n  });\n\n  function redirectPage() {\n    const select = document.getElementById('abanicoSelect');\n    const value = select.value;\n    const baseUrl = \"https:\/\/abanicos-valencianos.es\/catalogo\/\";\n    \n    if (value) {\n      window.location.href = baseUrl + value;\n    }\n  }\n<\/script>\n<\/div>\n<\/div><\/div>\n\n<div class=\"wp-block-group alignfull filtro-catalogo-bottom\"><div class=\"wp-block-group__inner-container is-layout-constrained wp-block-group-is-layout-constrained\">\n<p class=\"has-text-align-center underline-link txt-18-700-36\"><a href=\"https:\/\/abanicos-valencianos.es\/fr\/catalogue\/\" data-type=\"page\" data-id=\"303\">Retour aux catalogues<\/a><\/p>\n<\/div><\/div>\n\n<div class=\"wp-block-group alignfull\"><div class=\"wp-block-group__inner-container is-layout-constrained wp-block-group-is-layout-constrained\">\n<div class=\"wp-block-group alignfull cta-catalogo\"><div class=\"wp-block-group__inner-container is-layout-constrained wp-block-group-is-layout-constrained\">\n<div style=\"height:100px\" aria-hidden=\"true\" class=\"wp-block-spacer space-160\"><\/div>\n\n\n\n<div class=\"wp-block-columns is-layout-flex wp-container-core-columns-is-layout-9d6595d7 wp-block-columns-is-layout-flex\">\n<div class=\"wp-block-column is-vertically-aligned-center is-layout-flow wp-block-column-is-layout-flow\" style=\"flex-basis:60%\">\n<h2 class=\"wp-block-heading txt-44-300-51\">\u00c9VENTAILS \u00c0 MOTIFS RELIGIEUX<\/h2>\n\n\n\n<p>Les <strong>\u00e9ventails peints \u00e0 la main avec des motifs religieux<\/strong> de notre collection sont l'<strong>accessoire id\u00e9al<\/strong> non seulement pour les d\u00e9vots, mais aussi pour les amateurs d'art. Prenez chez vous l'un de nos \u00e9ventails avec de <strong>belles reproductions religieuses<\/strong> qui compl\u00e9teront votre tenue et vous accompagneront tous les jours.<\/p>\n<\/div>\n\n\n\n<div class=\"wp-block-column is-vertically-aligned-center is-layout-flow wp-block-column-is-layout-flow\">\n<p class=\"has-text-align-center underline-link txt-18-700-36\"><a href=\"#\">Demande d'information<\/a><\/p>\n<\/div>\n<\/div>\n\n\n\n<div style=\"height:100px\" aria-hidden=\"true\" class=\"wp-block-spacer space-100\"><\/div>\n<\/div><\/div>\n<\/div><\/div>\n","protected":false},"excerpt":{"rendered":"<p>Abanicos Mu\u00f1oz \/ Catalogue \/ \u00c9ventails pour hommes Les \u00e9ventails religieux Les ma\u00eetres artisans travaillent avec soin pour vous offrir une touche de distinction et de style dans votre vie quotidienne. Chez Abanicos Mu\u00f1oz, nous avons des \u00e9ventails religieux fabriqu\u00e9s \u00e0 la main \u00e0 Valence (Espagne). Le d\u00e9vouement dans le processus de fabrication transforme chaque<a href=\"https:\/\/abanicos-valencianos.es\/fr\/catalogue\/les-fans-de-religion\/\">Continue reading <span class=\"sr-only\">\u00ab\u00a0Les \u00e9ventails religieux\u00a0\u00bb<\/span><\/a><\/p>\n","protected":false},"author":1,"featured_media":0,"parent":1865,"menu_order":0,"comment_status":"closed","ping_status":"closed","template":"","meta":{"orb_breadcrumbs":false,"orb_hide_title":false,"orb_hide_header":false,"orb_hide_footer":false,"orb_trans":false,"orb_trans_mob":false,"orb_alternative":false,"orb_topbar_width":"","orb_main_width":"","orb_secondary_width":"","orb_content_width":"","orb_topfooter_width":"","orb_prefooter_width":"","orb_footer_width":"","orb_page_classes":"","hero_id":"","footnotes":""},"class_list":["post-1821","page","type-page","status-publish","hentry"],"_links":{"self":[{"href":"https:\/\/abanicos-valencianos.es\/fr\/wp-json\/wp\/v2\/pages\/1821","targetHints":{"allow":["GET"]}}],"collection":[{"href":"https:\/\/abanicos-valencianos.es\/fr\/wp-json\/wp\/v2\/pages"}],"about":[{"href":"https:\/\/abanicos-valencianos.es\/fr\/wp-json\/wp\/v2\/types\/page"}],"author":[{"embeddable":true,"href":"https:\/\/abanicos-valencianos.es\/fr\/wp-json\/wp\/v2\/users\/1"}],"replies":[{"embeddable":true,"href":"https:\/\/abanicos-valencianos.es\/fr\/wp-json\/wp\/v2\/comments?post=1821"}],"version-history":[{"count":0,"href":"https:\/\/abanicos-valencianos.es\/fr\/wp-json\/wp\/v2\/pages\/1821\/revisions"}],"up":[{"embeddable":true,"href":"https:\/\/abanicos-valencianos.es\/fr\/wp-json\/wp\/v2\/pages\/1865"}],"wp:attachment":[{"href":"https:\/\/abanicos-valencianos.es\/fr\/wp-json\/wp\/v2\/media?parent=1821"}],"curies":[{"name":"wp","href":"https:\/\/api.w.org\/{rel}","templated":true}]}}