{"id":1645,"date":"2025-05-13T11:34:03","date_gmt":"2025-05-13T09:34:03","guid":{"rendered":"https:\/\/abanicos-valencianos.es\/panier\/"},"modified":"2025-05-13T11:34:04","modified_gmt":"2025-05-13T09:34:04","slug":"panier","status":"publish","type":"page","link":"https:\/\/abanicos-valencianos.es\/fr\/panier\/","title":{"rendered":"Panier"},"content":{"rendered":"\n<div data-block-name=\"woocommerce\/cart\" class=\"wp-block-woocommerce-cart alignwide is-loading\">\n<div data-block-name=\"woocommerce\/filled-cart-block\" class=\"wp-block-woocommerce-filled-cart-block\">\n<div data-block-name=\"woocommerce\/cart-items-block\" class=\"wp-block-woocommerce-cart-items-block\">\n<div data-block-name=\"woocommerce\/cart-line-items-block\" class=\"wp-block-woocommerce-cart-line-items-block\"><\/div>\n\n\n\n<div data-block-name=\"woocommerce\/cart-cross-sells-block\" class=\"wp-block-woocommerce-cart-cross-sells-block\">\n<h2 class=\"wp-block-heading has-large-font-size\">Puede que te interese\u2026<\/h2>\n\n\n\n<div data-block-name=\"woocommerce\/cart-cross-sells-products-block\" class=\"wp-block-woocommerce-cart-cross-sells-products-block\"><\/div>\n<\/div>\n<\/div>\n\n\n\n<div data-block-name=\"woocommerce\/cart-totals-block\" class=\"wp-block-woocommerce-cart-totals-block\">\n<div data-block-name=\"woocommerce\/cart-order-summary-block\" class=\"wp-block-woocommerce-cart-order-summary-block\">\n<div data-block-name=\"woocommerce\/cart-order-summary-heading-block\" class=\"wp-block-woocommerce-cart-order-summary-heading-block\"><\/div><div data-block-name=\"woocommerce\/cart-order-summary-coupon-form-block\" class=\"wp-block-woocommerce-cart-order-summary-coupon-form-block\"><\/div><div data-block-name=\"woocommerce\/cart-order-summary-totals-block\" class=\"wp-block-woocommerce-cart-order-summary-totals-block\">\n<div data-block-name=\"woocommerce\/cart-order-summary-subtotal-block\" class=\"wp-block-woocommerce-cart-order-summary-subtotal-block\"><\/div>\n<div data-block-name=\"woocommerce\/cart-order-summary-discount-block\" class=\"wp-block-woocommerce-cart-order-summary-discount-block\"><\/div>\n<div data-block-name=\"woocommerce\/cart-order-summary-fee-block\" class=\"wp-block-woocommerce-cart-order-summary-fee-block\"><\/div>\n<div data-block-name=\"woocommerce\/cart-order-summary-shipping-block\" class=\"wp-block-woocommerce-cart-order-summary-shipping-block\"><\/div>\n<div data-block-name=\"woocommerce\/cart-order-summary-taxes-block\" class=\"wp-block-woocommerce-cart-order-summary-taxes-block\"><\/div><\/div>\n<\/div>\n\n\n\n<div data-block-name=\"woocommerce\/cart-express-payment-block\" class=\"wp-block-woocommerce-cart-express-payment-block\"><\/div>\n\n\n\n<div data-block-name=\"woocommerce\/proceed-to-checkout-block\" class=\"wp-block-woocommerce-proceed-to-checkout-block\"><\/div>\n\n\n\n<div data-block-name=\"woocommerce\/cart-accepted-payment-methods-block\" class=\"wp-block-woocommerce-cart-accepted-payment-methods-block\"><\/div>\n<\/div>\n<\/div>\n\n\n\n<div data-block-name=\"woocommerce\/empty-cart-block\" class=\"wp-block-woocommerce-empty-cart-block\">\n<h2 class=\"wp-block-heading has-text-align-center with-empty-cart-icon wc-block-cart__empty-cart__title\">\u00a1Tu carrito est\u00e1 actualmente vac\u00edo!<\/h2>\n\n\n\n<hr class=\"wp-block-separator has-alpha-channel-opacity is-style-dots\"\/>\n\n\n\n<h2 class=\"wp-block-heading has-text-align-center\">Nuevo en la tienda<\/h2>\n\n\n<div data-block-name=\"woocommerce\/product-new\" data-columns=\"4\" data-rows=\"1\" class=\"wc-block-grid wp-block-product-new wp-block-woocommerce-product-new wc-block-product-new has-4-columns\"><ul class=\"wc-block-grid__products\"><li class=\"wc-block-grid__product\">\n\t\t\t\t<a href=\"https:\/\/abanicos-valencianos.es\/fr\/abanico\/eventail-moderne-argente-et-noir-copia-copia-copia-copia-copia\/\" class=\"wc-block-grid__product-link\">\n\t\t\t\t\t\n\t\t\t\t\t<div class=\"wc-block-grid__product-image\"><img loading=\"lazy\" decoding=\"async\" width=\"450\" height=\"338\" src=\"https:\/\/abanicos-valencianos.es\/wp-content\/uploads\/2025\/06\/image-450x338.jpg\" class=\"attachment-woocommerce_thumbnail size-woocommerce_thumbnail\" alt=\"\u00c9ventail moderne \u00e0 carreaux bleu\" srcset=\"https:\/\/abanicos-valencianos.es\/wp-content\/uploads\/2025\/06\/image-450x338.jpg 450w, https:\/\/abanicos-valencianos.es\/wp-content\/uploads\/2025\/06\/image-300x225.jpg 300w, https:\/\/abanicos-valencianos.es\/wp-content\/uploads\/2025\/06\/image-768x577.jpg 768w, https:\/\/abanicos-valencianos.es\/wp-content\/uploads\/2025\/06\/image.jpg 1000w\" sizes=\"auto, (max-width: 450px) 100vw, 450px\" \/><\/div>\n\t\t\t\t\t<div class=\"wc-block-grid__product-title\">\u00c9ventail moderne \u00e0 carreaux bleu<\/div>\n\t\t\t\t<\/a>\n\t\t\t\t<div class=\"wc-block-grid__product-price price\"><span class=\"woocommerce-Price-amount amount\"><span class=\"woocommerce-Price-currencySymbol\">&euro;<\/span>120.00<\/span><\/div>\n\t\t\t\t\n\t\t\t\t<div class=\"wp-block-button wc-block-grid__product-add-to-cart\"><a href=\"\/fr\/wp-json\/wp\/v2\/pages\/1645?add-to-cart=3683\" aria-label=\"Ajouter au panier\u00a0: &ldquo;\u00c9ventail moderne \u00e0 carreaux bleu&rdquo;\" data-quantity=\"1\" data-product_id=\"3683\" data-product_sku=\"\" data-price=\"120\" rel=\"nofollow\" class=\"wp-block-button__link  add_to_cart_button ajax_add_to_cart\">Ajouter au panier<\/a><\/div>\n\t\t\t<\/li><li class=\"wc-block-grid__product\">\n\t\t\t\t<a href=\"https:\/\/abanicos-valencianos.es\/fr\/abanico\/eventail-moderne-argente-et-noir-copia-copia-copia-copia\/\" class=\"wc-block-grid__product-link\">\n\t\t\t\t\t\n\t\t\t\t\t<div class=\"wc-block-grid__product-image\"><img loading=\"lazy\" decoding=\"async\" width=\"450\" height=\"338\" src=\"https:\/\/abanicos-valencianos.es\/wp-content\/uploads\/2025\/06\/image-1-450x338.jpg\" class=\"attachment-woocommerce_thumbnail size-woocommerce_thumbnail\" alt=\"\u00c9ventail moderne rococo\" srcset=\"https:\/\/abanicos-valencianos.es\/wp-content\/uploads\/2025\/06\/image-1-450x338.jpg 450w, https:\/\/abanicos-valencianos.es\/wp-content\/uploads\/2025\/06\/image-1-300x225.jpg 300w, https:\/\/abanicos-valencianos.es\/wp-content\/uploads\/2025\/06\/image-1-768x577.jpg 768w, https:\/\/abanicos-valencianos.es\/wp-content\/uploads\/2025\/06\/image-1.jpg 1000w\" sizes=\"auto, (max-width: 450px) 100vw, 450px\" \/><\/div>\n\t\t\t\t\t<div class=\"wc-block-grid__product-title\">\u00c9ventail moderne rococo<\/div>\n\t\t\t\t<\/a>\n\t\t\t\t<div class=\"wc-block-grid__product-price price\"><span class=\"woocommerce-Price-amount amount\"><span class=\"woocommerce-Price-currencySymbol\">&euro;<\/span>120.00<\/span><\/div>\n\t\t\t\t\n\t\t\t\t<div class=\"wp-block-button wc-block-grid__product-add-to-cart\"><a href=\"\/fr\/wp-json\/wp\/v2\/pages\/1645?add-to-cart=3666\" aria-label=\"Ajouter au panier\u00a0: &ldquo;\u00c9ventail moderne rococo&rdquo;\" data-quantity=\"1\" data-product_id=\"3666\" data-product_sku=\"\" data-price=\"120\" rel=\"nofollow\" class=\"wp-block-button__link  add_to_cart_button ajax_add_to_cart\">Ajouter au panier<\/a><\/div>\n\t\t\t<\/li><li class=\"wc-block-grid__product\">\n\t\t\t\t<a href=\"https:\/\/abanicos-valencianos.es\/fr\/abanico\/ventilateur-moderne-avec-des-vagues-bleues-copia-copia-copia-copia-copia-copia-copia-copia-copia-copia-copia-copia-copia-copia-2\/\" class=\"wc-block-grid__product-link\">\n\t\t\t\t\t\n\t\t\t\t\t<div class=\"wc-block-grid__product-image\"><img loading=\"lazy\" decoding=\"async\" width=\"450\" height=\"338\" src=\"https:\/\/abanicos-valencianos.es\/wp-content\/uploads\/2025\/06\/image-2-450x338.jpg\" class=\"attachment-woocommerce_thumbnail size-woocommerce_thumbnail\" alt=\"\u00c9ventail avec fen\u00eatre\" srcset=\"https:\/\/abanicos-valencianos.es\/wp-content\/uploads\/2025\/06\/image-2-450x338.jpg 450w, https:\/\/abanicos-valencianos.es\/wp-content\/uploads\/2025\/06\/image-2-300x225.jpg 300w, https:\/\/abanicos-valencianos.es\/wp-content\/uploads\/2025\/06\/image-2-768x577.jpg 768w, https:\/\/abanicos-valencianos.es\/wp-content\/uploads\/2025\/06\/image-2.jpg 1000w\" sizes=\"auto, (max-width: 450px) 100vw, 450px\" \/><\/div>\n\t\t\t\t\t<div class=\"wc-block-grid__product-title\">\u00c9ventail avec fen\u00eatre<\/div>\n\t\t\t\t<\/a>\n\t\t\t\t<div class=\"wc-block-grid__product-price price\"><span class=\"woocommerce-Price-amount amount\"><span class=\"woocommerce-Price-currencySymbol\">&euro;<\/span>90.00<\/span><\/div>\n\t\t\t\t\n\t\t\t\t<div class=\"wp-block-button wc-block-grid__product-add-to-cart\"><a href=\"\/fr\/wp-json\/wp\/v2\/pages\/1645?add-to-cart=3660\" aria-label=\"Ajouter au panier\u00a0: &ldquo;\u00c9ventail avec fen\u00eatre&rdquo;\" data-quantity=\"1\" data-product_id=\"3660\" data-product_sku=\"\" data-price=\"90\" rel=\"nofollow\" class=\"wp-block-button__link  add_to_cart_button ajax_add_to_cart\">Ajouter au panier<\/a><\/div>\n\t\t\t<\/li><li class=\"wc-block-grid__product\">\n\t\t\t\t<a href=\"https:\/\/abanicos-valencianos.es\/fr\/abanico\/eventail-moderne-argente-et-noir-copia-copia-copia-2\/\" class=\"wc-block-grid__product-link\">\n\t\t\t\t\t\n\t\t\t\t\t<div class=\"wc-block-grid__product-image\"><img loading=\"lazy\" decoding=\"async\" width=\"450\" height=\"338\" src=\"https:\/\/abanicos-valencianos.es\/wp-content\/uploads\/2025\/06\/image-3-450x338.jpg\" class=\"attachment-woocommerce_thumbnail size-woocommerce_thumbnail\" alt=\"\u00c9ventail moderne orange et d\u00e9coupage dor\u00e9\" srcset=\"https:\/\/abanicos-valencianos.es\/wp-content\/uploads\/2025\/06\/image-3-450x338.jpg 450w, https:\/\/abanicos-valencianos.es\/wp-content\/uploads\/2025\/06\/image-3-300x225.jpg 300w, https:\/\/abanicos-valencianos.es\/wp-content\/uploads\/2025\/06\/image-3-768x576.jpg 768w, https:\/\/abanicos-valencianos.es\/wp-content\/uploads\/2025\/06\/image-3.jpg 1000w\" sizes=\"auto, (max-width: 450px) 100vw, 450px\" \/><\/div>\n\t\t\t\t\t<div class=\"wc-block-grid__product-title\">\u00c9ventail moderne orange et d\u00e9coupage dor\u00e9<\/div>\n\t\t\t\t<\/a>\n\t\t\t\t<div class=\"wc-block-grid__product-price price\"><span class=\"woocommerce-Price-amount amount\"><span class=\"woocommerce-Price-currencySymbol\">&euro;<\/span>120.00<\/span><\/div>\n\t\t\t\t\n\t\t\t\t<div class=\"wp-block-button wc-block-grid__product-add-to-cart\"><a href=\"\/fr\/wp-json\/wp\/v2\/pages\/1645?add-to-cart=3657\" aria-label=\"Ajouter au panier\u00a0: &ldquo;\u00c9ventail moderne orange et d\u00e9coupage dor\u00e9&rdquo;\" data-quantity=\"1\" data-product_id=\"3657\" data-product_sku=\"\" data-price=\"120\" rel=\"nofollow\" class=\"wp-block-button__link  add_to_cart_button ajax_add_to_cart\">Ajouter au panier<\/a><\/div>\n\t\t\t<\/li><\/ul><\/div><\/div>\n<\/div>\n","protected":false},"excerpt":{"rendered":"","protected":false},"author":1,"featured_media":0,"parent":0,"menu_order":0,"comment_status":"closed","ping_status":"closed","template":"","meta":{"orb_breadcrumbs":false,"orb_hide_title":false,"orb_hide_header":false,"orb_hide_footer":false,"orb_trans":false,"orb_trans_mob":false,"orb_alternative":false,"orb_topbar_width":"","orb_main_width":"","orb_secondary_width":"","orb_content_width":"","orb_topfooter_width":"","orb_prefooter_width":"","orb_footer_width":"","orb_page_classes":"","hero_id":"","footnotes":""},"class_list":["post-1645","page","type-page","status-publish","hentry"],"_links":{"self":[{"href":"https:\/\/abanicos-valencianos.es\/fr\/wp-json\/wp\/v2\/pages\/1645","targetHints":{"allow":["GET"]}}],"collection":[{"href":"https:\/\/abanicos-valencianos.es\/fr\/wp-json\/wp\/v2\/pages"}],"about":[{"href":"https:\/\/abanicos-valencianos.es\/fr\/wp-json\/wp\/v2\/types\/page"}],"author":[{"embeddable":true,"href":"https:\/\/abanicos-valencianos.es\/fr\/wp-json\/wp\/v2\/users\/1"}],"replies":[{"embeddable":true,"href":"https:\/\/abanicos-valencianos.es\/fr\/wp-json\/wp\/v2\/comments?post=1645"}],"version-history":[{"count":0,"href":"https:\/\/abanicos-valencianos.es\/fr\/wp-json\/wp\/v2\/pages\/1645\/revisions"}],"wp:attachment":[{"href":"https:\/\/abanicos-valencianos.es\/fr\/wp-json\/wp\/v2\/media?parent=1645"}],"curies":[{"name":"wp","href":"https:\/\/api.w.org\/{rel}","templated":true}]}}