{"id":1818,"date":"2024-07-22T11:17:12","date_gmt":"2024-07-22T09:17:12","guid":{"rendered":"https:\/\/abanicos-valencianos.es\/home\/"},"modified":"2025-05-13T17:31:05","modified_gmt":"2025-05-13T15:31:05","slug":"home","status":"publish","type":"page","link":"https:\/\/abanicos-valencianos.es\/en\/","title":{"rendered":"Home"},"content":{"rendered":"\n<section class=\"wp-block-group video-home\"><div class=\"wp-block-group__inner-container is-layout-constrained wp-block-group-is-layout-constrained\">\n<div class=\"wp-block-columns is-layout-flex wp-container-core-columns-is-layout-9d6595d7 wp-block-columns-is-layout-flex\">\n<div class=\"wp-block-column is-vertically-aligned-center is-layout-flow wp-block-column-is-layout-flow\" style=\"flex-basis:400px\">\n<h2 class=\"wp-block-heading\">Hand painted handmade fans<\/h2>\n\n\n\n<p class=\"txt-16-400-22\">In Abanicos Mu\u00f1oz we are manufacturers of hand painted fans. Our fans are 100% handmade and all their components have been manufactured in Spain by our team of artisans. So, if you are looking for exclusive hand painted fans, here you have the best selection possible.  <\/p>\n\n\n\n<p class=\"underline-link txt-18-700-36\"><a href=\"https:\/\/abanicos-valencianos.es\/catalogo\/\" data-type=\"page\" data-id=\"303\">Get inspired by our selection<\/a><\/p>\n<\/div>\n<\/div>\n\n\n\n<div class=\"video-background\">\n  <video autoplay=\"\" muted=\"\" loop=\"\" id=\"bg-video\">\n    \n  Your browser does not support HTML5 video.\n  <\/video>\n  <div class=\"overlay linear-gradient-overlay\"><\/div>\n  <div class=\"overlay radial-gradient-overlay\"><\/div>\n<\/div>\n<\/div><\/section>\n\n<section class=\"wp-block-group alignwide fondo-home has-white-background-color has-background\"><div class=\"wp-block-group__inner-container is-layout-constrained wp-block-group-is-layout-constrained\">\n<div class=\"wp-block-columns col-center is-layout-flex wp-container-core-columns-is-layout-9d6595d7 wp-block-columns-is-layout-flex\">\n<div class=\"wp-block-column is-vertically-aligned-center texto-fondo-home is-layout-flow wp-block-column-is-layout-flow\" style=\"flex-basis:400px\">\n<h2 class=\"wp-block-heading has-text-align-center txt-44-400-52\">Original hand painted fans<\/h2>\n\n\n\n<p class=\"has-text-align-center txt-18-400-30\">Find your fan among a great variety of totally original and handmade models. We use the best wood and fabrics of the highest quality, on which our craftsmen, will capture their best work. <\/p>\n\n\n\n<p class=\"has-text-align-center underline-link txt-18-700-36\"><a href=\"https:\/\/abanicos-valencianos.es\/catalogo\/\" data-type=\"page\" data-id=\"303\">See catalog<\/a><\/p>\n<\/div>\n<\/div>\n<\/div><\/section>\n\n<div style=\"height:60px\" aria-hidden=\"true\" class=\"wp-block-spacer\"><\/div>\n\n<div class=\"wp-block-group bloque-abanicos-fondo\"><div class=\"wp-block-group__inner-container is-layout-constrained wp-block-group-is-layout-constrained\">\n<p class=\"has-text-align-center txt-14-500-36 uppercase\">News in fans<\/p>\n\n\n\n<div style=\"height:10px\" aria-hidden=\"true\" class=\"wp-block-spacer space-10\"><\/div>\n\n\n\n<h2 class=\"wp-block-heading has-text-align-center txt-44-400-52\">Our latest creations<\/h2>\n\n\n\n<div style=\"height:50px\" aria-hidden=\"true\" class=\"wp-block-spacer\"><\/div>\n\n\n\n<div class=\"wp-block-columns is-layout-flex wp-container-core-columns-is-layout-9d6595d7 wp-block-columns-is-layout-flex\">\n<div class=\"wp-block-column is-layout-flow wp-block-column-is-layout-flow\"><div class=\"wp-block-image is-style-default\">\n<figure class=\"aligncenter size-full\"><a href=\"https:\/\/abanicos-valencianos.es\/abanico\/abanico-floral-01\/\"><img loading=\"lazy\" decoding=\"async\" width=\"1100\" height=\"600\" src=\"https:\/\/abanicos-valencianos.es\/wp-content\/uploads\/2024\/09\/naranja.webp\" alt=\"\" class=\"wp-image-913\" style=\"object-fit:cover\" srcset=\"https:\/\/abanicos-valencianos.es\/wp-content\/uploads\/2024\/09\/naranja.webp 1100w, https:\/\/abanicos-valencianos.es\/wp-content\/uploads\/2024\/09\/naranja-300x164.webp 300w, https:\/\/abanicos-valencianos.es\/wp-content\/uploads\/2024\/09\/naranja-1024x559.webp 1024w, https:\/\/abanicos-valencianos.es\/wp-content\/uploads\/2024\/09\/naranja-768x419.webp 768w, https:\/\/abanicos-valencianos.es\/wp-content\/uploads\/2024\/09\/naranja-450x245.webp 450w\" sizes=\"auto, (max-width: 1100px) 100vw, 1100px\" \/><\/a><\/figure>\n<\/div>\n\n\n<p class=\"has-text-align-center txt-16-400-22\"><a href=\"https:\/\/abanicos-valencianos.es\/abanico\/abanico-floral-01\/\" data-type=\"link\" data-id=\"https:\/\/abanicos-valencianos.es\/abanico\/abanico-floral-01\/\">Hand-painted fabric fan Naranjas de Valencia<\/a><\/p>\n<\/div>\n\n\n\n<div class=\"wp-block-column is-layout-flow wp-block-column-is-layout-flow\">\n<figure class=\"wp-block-image size-full is-resized\"><a href=\"https:\/\/abanicos-valencianos.es\/en\/abanico\/wooden-fan-openwork-type-deck-of-cards\/\"><img loading=\"lazy\" decoding=\"async\" width=\"1100\" height=\"600\" src=\"https:\/\/abanicos-valencianos.es\/wp-content\/uploads\/2024\/09\/madera_calada.webp\" alt=\"\" class=\"wp-image-915\" style=\"width:517px;height:auto\" srcset=\"https:\/\/abanicos-valencianos.es\/wp-content\/uploads\/2024\/09\/madera_calada.webp 1100w, https:\/\/abanicos-valencianos.es\/wp-content\/uploads\/2024\/09\/madera_calada-300x164.webp 300w, https:\/\/abanicos-valencianos.es\/wp-content\/uploads\/2024\/09\/madera_calada-1024x559.webp 1024w, https:\/\/abanicos-valencianos.es\/wp-content\/uploads\/2024\/09\/madera_calada-768x419.webp 768w, https:\/\/abanicos-valencianos.es\/wp-content\/uploads\/2024\/09\/madera_calada-450x245.webp 450w\" sizes=\"auto, (max-width: 1100px) 100vw, 1100px\" \/><\/a><\/figure>\n\n\n\n<p class=\"has-text-align-center txt-16-400-22\"><a href=\"https:\/\/abanicos-valencianos.es\/abanico\/abanico-de-doble-tela-01-copia\/\" data-type=\"link\" data-id=\"https:\/\/abanicos-valencianos.es\/abanico\/abanico-de-doble-tela-01-copia\/\">Wooden fan openwork type deck of cards<\/a><\/p>\n<\/div>\n<\/div>\n\n\n\n<div class=\"wp-block-columns is-layout-flex wp-container-core-columns-is-layout-9d6595d7 wp-block-columns-is-layout-flex\">\n<div class=\"wp-block-column is-layout-flow wp-block-column-is-layout-flow\">\n<figure class=\"wp-block-image size-full\"><a href=\"https:\/\/abanicos-valencianos.es\/abanico\/abanico-la-persistencia-de-la-memoria\/\"><img loading=\"lazy\" decoding=\"async\" width=\"1100\" height=\"600\" src=\"https:\/\/abanicos-valencianos.es\/wp-content\/uploads\/2024\/09\/persistencia.webp\" alt=\"\" class=\"wp-image-914\" style=\"object-fit:cover\" srcset=\"https:\/\/abanicos-valencianos.es\/wp-content\/uploads\/2024\/09\/persistencia.webp 1100w, https:\/\/abanicos-valencianos.es\/wp-content\/uploads\/2024\/09\/persistencia-300x164.webp 300w, https:\/\/abanicos-valencianos.es\/wp-content\/uploads\/2024\/09\/persistencia-1024x559.webp 1024w, https:\/\/abanicos-valencianos.es\/wp-content\/uploads\/2024\/09\/persistencia-768x419.webp 768w, https:\/\/abanicos-valencianos.es\/wp-content\/uploads\/2024\/09\/persistencia-450x245.webp 450w\" sizes=\"auto, (max-width: 1100px) 100vw, 1100px\" \/><\/a><\/figure>\n\n\n\n<p class=\"has-text-align-center txt-16-400-22\"><a href=\"https:\/\/abanicos-valencianos.es\/abanico\/abanico-la-persistencia-de-la-memoria\/\" data-type=\"link\" data-id=\"https:\/\/abanicos-valencianos.es\/abanico\/abanico-la-persistencia-de-la-memoria\/\">Hand-painted fabric fan inspired by Dal\u00ed<\/a><\/p>\n<\/div>\n\n\n\n<div class=\"wp-block-column is-layout-flow wp-block-column-is-layout-flow\">\n<figure class=\"wp-block-image size-full\"><a href=\"https:\/\/abanicos-valencianos.es\/en\/abanico\/knight-fan-dagger-19-cm\/\"><img loading=\"lazy\" decoding=\"async\" width=\"1100\" height=\"600\" src=\"https:\/\/abanicos-valencianos.es\/wp-content\/uploads\/2024\/09\/Sin-titulo-20.webp\" alt=\"\" class=\"wp-image-885\" style=\"object-fit:cover\" srcset=\"https:\/\/abanicos-valencianos.es\/wp-content\/uploads\/2024\/09\/Sin-titulo-20.webp 1100w, https:\/\/abanicos-valencianos.es\/wp-content\/uploads\/2024\/09\/Sin-titulo-20-300x164.webp 300w, https:\/\/abanicos-valencianos.es\/wp-content\/uploads\/2024\/09\/Sin-titulo-20-1024x559.webp 1024w, https:\/\/abanicos-valencianos.es\/wp-content\/uploads\/2024\/09\/Sin-titulo-20-768x419.webp 768w, https:\/\/abanicos-valencianos.es\/wp-content\/uploads\/2024\/09\/Sin-titulo-20-450x245.webp 450w\" sizes=\"auto, (max-width: 1100px) 100vw, 1100px\" \/><\/a><\/figure>\n\n\n\n<p class=\"has-text-align-center txt-16-400-22\"><a href=\"https:\/\/abanicos-valencianos.es\/abanico\/abanico-de-caballero\/\" data-type=\"link\" data-id=\"https:\/\/abanicos-valencianos.es\/abanico\/abanico-de-caballero\/\">Knight fan dagger 19 cm<\/a><\/p>\n<\/div>\n<\/div>\n<\/div><\/div>\n\n<div style=\"height:60px\" aria-hidden=\"true\" class=\"wp-block-spacer\"><\/div>\n\n<div class=\"wp-block-group valores-home\"><div class=\"wp-block-group__inner-container is-layout-constrained wp-block-group-is-layout-constrained\">\n<p class=\"has-text-align-center txt-14-500-36 uppercase\">Our values<\/p>\n\n\n\n<h2 class=\"wp-block-heading has-text-align-center txt-44-400-52\">Craftsmanship and exclusivity<\/h2>\n\n\n\n<div style=\"height:50px\" aria-hidden=\"true\" class=\"wp-block-spacer\"><\/div>\n\n\n\n<div class=\"wp-block-columns alignwide col-artesanal no-gap no-padding is-layout-flex wp-container-core-columns-is-layout-9d6595d7 wp-block-columns-is-layout-flex\">\n<div class=\"wp-block-column is-vertically-aligned-center valores-col-text is-layout-flow wp-block-column-is-layout-flow\">\n<h3 class=\"wp-block-heading txt-48-400\">Handmade fan<\/h3>\n\n\n\n<p class=\"txt-24-300-40\">Top quality fabrics, carefully treated wood and hand assembly ensure that our fans open and close smoothly and precisely.<\/p>\n<\/div>\n\n\n\n<div class=\"wp-block-column col-img is-layout-flow wp-block-column-is-layout-flow\"><\/div>\n<\/div>\n\n\n\n<div class=\"wp-block-columns alignwide col-nacional no-gap no-padding is-layout-flex wp-container-core-columns-is-layout-9d6595d7 wp-block-columns-is-layout-flex\">\n<div class=\"wp-block-column col-img is-layout-flow wp-block-column-is-layout-flow\"><\/div>\n\n\n\n<div class=\"wp-block-column is-vertically-aligned-center valores-col-text is-layout-flow wp-block-column-is-layout-flow\">\n<h3 class=\"wp-block-heading txt-48-400\">Manufactured in Spain<\/h3>\n\n\n\n<p class=\"txt-24-300-40\">The Spain brand is our best guarantee of quality. Years of tradition have made Valencia the cradle of the handmade fan. <\/p>\n<\/div>\n<\/div>\n\n\n\n<div class=\"wp-block-columns alignwide col-mano no-gap no-padding is-layout-flex wp-container-core-columns-is-layout-9d6595d7 wp-block-columns-is-layout-flex\">\n<div class=\"wp-block-column is-vertically-aligned-center valores-col-text is-layout-flow wp-block-column-is-layout-flow\">\n<h3 class=\"wp-block-heading txt-48-400\">Hand painted fans<\/h3>\n\n\n\n<p class=\"txt-24-300-40\">After assembly, our painters give the fan that touch of originality and exclusivity that will certainly not escape the gaze of others.<\/p>\n<\/div>\n\n\n\n<div class=\"wp-block-column col-img is-layout-flow wp-block-column-is-layout-flow\"><\/div>\n<\/div>\n\n\n\n<div class=\"wp-block-columns alignwide col-certificados no-gap no-padding is-layout-flex wp-container-core-columns-is-layout-9d6595d7 wp-block-columns-is-layout-flex\">\n<div class=\"wp-block-column col-img is-layout-flow wp-block-column-is-layout-flow\"><\/div>\n\n\n\n<div class=\"wp-block-column is-vertically-aligned-center valores-col-text is-layout-flow wp-block-column-is-layout-flow\">\n<h3 class=\"wp-block-heading txt-48-400\">Certified fans<\/h3>\n\n\n\n<p class=\"txt-24-300-40\">Each fan carries its own seal that guarantees its authenticity and originality. Always demand the seal of quality Valencian craftsmanship. <\/p>\n<\/div>\n<\/div>\n\n\n\n<div class=\"wp-block-columns alignwide col-ocasion no-gap no-padding is-layout-flex wp-container-core-columns-is-layout-9d6595d7 wp-block-columns-is-layout-flex\">\n<div class=\"wp-block-column is-vertically-aligned-center valores-col-text is-layout-flow wp-block-column-is-layout-flow\">\n<h3 class=\"wp-block-heading txt-48-400\">Designed for every occasion<\/h3>\n\n\n\n<p class=\"txt-24-300-40\">We have exclusive designs for every occasion and we even customize your fan by hand for those important moments in your life.<\/p>\n<\/div>\n\n\n\n<div class=\"wp-block-column col-img is-layout-flow wp-block-column-is-layout-flow\"><\/div>\n<\/div>\n\n\n\n<div class=\"wp-block-columns alignwide col-tamanos no-gap no-padding is-layout-flex wp-container-core-columns-is-layout-9d6595d7 wp-block-columns-is-layout-flex\">\n<div class=\"wp-block-column col-img is-layout-flow wp-block-column-is-layout-flow\"><\/div>\n\n\n\n<div class=\"wp-block-column is-vertically-aligned-center valores-col-text is-layout-flow wp-block-column-is-layout-flow\">\n<h3 class=\"wp-block-heading txt-48-400\">Diversity of sizes<\/h3>\n\n\n\n<p class=\"txt-24-300-40\">From pocket fans to pericones, we have the fan size for every need. Take a look at our extensive and exclusive catalog. <\/p>\n\n\n\n<p class=\"underline-link txt-18-500-36\"><a href=\"https:\/\/abanicos-valencianos.es\/catalogo\/\" data-type=\"page\" data-id=\"303\">See catalog<\/a><\/p>\n<\/div>\n<\/div>\n<\/div><\/div>\n\n<div class=\"wp-block-group calidad-home\"><div class=\"wp-block-group__inner-container is-layout-constrained wp-block-group-is-layout-constrained\">\n<div style=\"height:60px\" aria-hidden=\"true\" class=\"wp-block-spacer\"><\/div>\n\n\n\n<div class=\"wp-block-columns col-center is-layout-flex wp-container-core-columns-is-layout-9d6595d7 wp-block-columns-is-layout-flex\">\n<div class=\"wp-block-column is-layout-flow wp-block-column-is-layout-flow\" style=\"flex-basis:650px\">\n<p class=\"has-text-align-center txt-14-500-36 uppercase\">Our values<\/p>\n\n\n\n<div style=\"height:10px\" aria-hidden=\"true\" class=\"wp-block-spacer space-10\"><\/div>\n\n\n\n<h2 class=\"wp-block-heading has-text-align-center txt-44-400-52\">High-quality hand-painted designer fans<\/h2>\n\n\n\n<div style=\"height:50px\" aria-hidden=\"true\" class=\"wp-block-spacer space-50\"><\/div>\n<\/div>\n<\/div>\n\n\n\n<div class=\"wp-block-columns col-center is-layout-flex wp-container-core-columns-is-layout-9d6595d7 wp-block-columns-is-layout-flex\">\n<div class=\"wp-block-column col-center is-layout-flow wp-block-column-is-layout-flow\" style=\"flex-basis:800px\">\n<p class=\"has-text-align-center txt-18-300-30\">The care and attention to detail in the manufacture of each fan result in an exceptional piece that will last over time, always behaving as the first day.<\/p>\n\n\n\n<p class=\"has-text-align-center txt-18-300-30\">From the moment you receive the fan, when you take it out of its case and break the seal of authenticity that certifies its 100% handcrafted origin made in Valencia, you will realize that you are in front of a true masterpiece. Each fan is unique and unrepeatable, which increases its value and exclusivity.<\/p>\n\n\n\n<p class=\"has-text-align-center txt-18-300-30\">Enjoy the freshness of the air and the elegance that our fans provide, experiencing their movement and appreciating their incomparable beauty. Wood and fabric or just wood, you choose. Immerse yourself in the unique experience offered by our products.<\/p>\n\n\n\n<p class=\"has-text-align-center txt-18-300-30\">For more information about our fans, do not hesitate to contact us.<\/p>\n\n\n\n<div style=\"height:30px\" aria-hidden=\"true\" class=\"wp-block-spacer\"><\/div>\n\n\n\n<p class=\"has-text-align-center underline-link txt-18-500-36\"><a href=\"https:\/\/abanicos-valencianos.es\/contacto\/\" data-type=\"page\" data-id=\"497\">Contact with us<\/a><\/p>\n<\/div>\n<\/div>\n\n\n\n<div style=\"height:50px\" aria-hidden=\"true\" class=\"wp-block-spacer\"><\/div>\n<\/div><\/div>\n\n<div style=\"height:53px\" aria-hidden=\"true\" class=\"wp-block-spacer\"><\/div>\n\n<hr class=\"wp-block-separator has-alpha-channel-opacity\" \/>\n\n<div class=\"wp-block-columns are-vertically-aligned-center has-white-background-color has-background is-layout-flex wp-container-core-columns-is-layout-9d6595d7 wp-block-columns-is-layout-flex\">\n<div class=\"wp-block-column is-vertically-aligned-center is-layout-flow wp-block-column-is-layout-flow\"><div class=\"wp-block-image\">\n<figure class=\"alignright size-full\"><img loading=\"lazy\" decoding=\"async\" width=\"464\" height=\"121\" src=\"https:\/\/abanicos-valencianos.es\/wp-content\/uploads\/2024\/12\/Captura-de-pantalla-2024-12-08-a-las-18.29.01.jpg\" alt=\"\" class=\"wp-image-1373\" srcset=\"https:\/\/abanicos-valencianos.es\/wp-content\/uploads\/2024\/12\/Captura-de-pantalla-2024-12-08-a-las-18.29.01.jpg 464w, https:\/\/abanicos-valencianos.es\/wp-content\/uploads\/2024\/12\/Captura-de-pantalla-2024-12-08-a-las-18.29.01-300x78.jpg 300w, https:\/\/abanicos-valencianos.es\/wp-content\/uploads\/2024\/12\/Captura-de-pantalla-2024-12-08-a-las-18.29.01-450x117.jpg 450w\" sizes=\"auto, (max-width: 464px) 100vw, 464px\" \/><\/figure>\n<\/div><\/div>\n\n\n\n<div class=\"wp-block-column is-vertically-aligned-center is-layout-flow wp-block-column-is-layout-flow\">\n<p>ABANICOS MU\u00d1OZ, S.L. has been beneficiary of the FOMENTO ARTESAN\u00cdA aids to SMEs for the year 2024 (CMAPY4) of the Conselleria de Innovaci\u00f3n, Industria, Comercio y Turismo (Regional Ministry of Innovation, Industry, Commerce and Tourism)  <\/p>\n<\/div>\n<\/div>\n\n<hr class=\"wp-block-separator has-alpha-channel-opacity\" \/>\n\n<div style=\"height:53px\" aria-hidden=\"true\" class=\"wp-block-spacer\"><\/div>\n","protected":false},"excerpt":{"rendered":"<p>Hand painted handmade fans In Abanicos Mu\u00f1oz we are manufacturers of hand painted fans. Our fans are 100% handmade and all their components have been manufactured in Spain by our team of artisans. So, if you are looking for exclusive hand painted fans, here you have the best selection possible. Get inspired by our selection<a href=\"https:\/\/abanicos-valencianos.es\/en\/\">Continue reading <span class=\"sr-only\">&#8220;Home&#8221;<\/span><\/a><\/p>\n","protected":false},"author":1,"featured_media":0,"parent":0,"menu_order":0,"comment_status":"closed","ping_status":"closed","template":"","meta":{"orb_breadcrumbs":false,"orb_hide_title":true,"orb_hide_header":false,"orb_hide_footer":false,"orb_trans":false,"orb_trans_mob":false,"orb_alternative":false,"orb_topbar_width":"","orb_main_width":"","orb_secondary_width":"","orb_content_width":"","orb_topfooter_width":"","orb_prefooter_width":"","orb_footer_width":"","orb_page_classes":"","hero_id":"","footnotes":""},"class_list":["post-1818","page","type-page","status-publish","hentry"],"_links":{"self":[{"href":"https:\/\/abanicos-valencianos.es\/en\/wp-json\/wp\/v2\/pages\/1818","targetHints":{"allow":["GET"]}}],"collection":[{"href":"https:\/\/abanicos-valencianos.es\/en\/wp-json\/wp\/v2\/pages"}],"about":[{"href":"https:\/\/abanicos-valencianos.es\/en\/wp-json\/wp\/v2\/types\/page"}],"author":[{"embeddable":true,"href":"https:\/\/abanicos-valencianos.es\/en\/wp-json\/wp\/v2\/users\/1"}],"replies":[{"embeddable":true,"href":"https:\/\/abanicos-valencianos.es\/en\/wp-json\/wp\/v2\/comments?post=1818"}],"version-history":[{"count":0,"href":"https:\/\/abanicos-valencianos.es\/en\/wp-json\/wp\/v2\/pages\/1818\/revisions"}],"wp:attachment":[{"href":"https:\/\/abanicos-valencianos.es\/en\/wp-json\/wp\/v2\/media?parent=1818"}],"curies":[{"name":"wp","href":"https:\/\/api.w.org\/{rel}","templated":true}]}}